{"id":921,"date":"2020-07-15T10:08:28","date_gmt":"2020-07-15T08:08:28","guid":{"rendered":"https:\/\/dev.cleverclub.ch\/ablauf\/"},"modified":"2024-06-06T10:25:36","modified_gmt":"2024-06-06T08:25:36","slug":"ablauf","status":"publish","type":"page","link":"https:\/\/cleverclub.ch\/de\/ablauf\/","title":{"rendered":"Ablauf einer Clever Club Sitzung"},"content":{"rendered":"<p>[et_pb_section fb_built=&#8221;1&#8243; custom_padding_last_edited=&#8221;on|tablet&#8221; _builder_version=&#8221;4.4.9&#8243; background_image=&#8221;https:\/\/cleverclub.ch\/wp-content\/uploads\/2020\/07\/faces-orange.png&#8221; background_size=&#8221;initial&#8221; background_position=&#8221;top_right&#8221; custom_margin=&#8221;||||false|false&#8221; custom_padding=&#8221;35px||10px||false|false&#8221; custom_padding_tablet=&#8221;280px||0px||false|false&#8221; custom_padding_phone=&#8221;230px||0px||false|false&#8221; hover_enabled=&#8221;0&#8243; background_last_edited=&#8221;on|phone&#8221; background_image_tablet=&#8221;https:\/\/cleverclub.ch\/wp-content\/uploads\/2020\/07\/faces.png&#8221; background_enable_image_tablet=&#8221;on&#8221; background_size_tablet=&#8221;initial&#8221; background_size_phone=&#8221;contain&#8221; background_position_tablet=&#8221;top_right&#8221; title_text_tablet=&#8221;faces&#8221; title_text=&#8221;faces-orange&#8221; title_text_phone=&#8221;faces&#8221; background_image_phone=&#8221;https:\/\/cleverclub.ch\/wp-content\/uploads\/2020\/07\/faces.png&#8221; background_enable_image_phone=&#8221;on&#8221;][et_pb_row column_structure=&#8221;3_5,2_5&#8243; _builder_version=&#8221;4.4.8&#8243; custom_margin_tablet=&#8221;&#8221; custom_margin_phone=&#8221;||||false|false&#8221; custom_margin_last_edited=&#8221;on|phone&#8221; custom_padding=&#8221;||0px||false|false&#8221;][et_pb_column type=&#8221;3_5&#8243; _builder_version=&#8221;4.4.8&#8243;][et_pb_text _builder_version=&#8221;4.4.8&#8243; custom_margin=&#8221;||||false|false&#8221; custom_margin_tablet=&#8221;&#8221; custom_margin_phone=&#8221;|-10px|||false|false&#8221; custom_margin_last_edited=&#8221;on|phone&#8221; custom_padding=&#8221;||||false|false&#8221;]<\/p>\n<h1>Ablauf einer Clever Club Sitzung<\/h1>\n<h2>Rund um die Geschichte<\/h2>\n<p>Es empfiehlt sich, den Ablauf der H\u00f6rspielsitzung immer gleich zu gestalten. Wenn von Anfang an ein bestimmter Ablauf festgelegt wird, verinnerlichen die Kinder rasch diese Struktur und richten sich auch danach. Ein solches Vorgehen vermittelt den Kindern Sicherheit, weil sie wissen, was sie erwartet. Ein geregeltes Vorgehen verhindert zudem, dass die Gruppe ins Chaos abgleitet.<\/p>\n<p>Clever Club ist ein einsatzfertiges p\u00e4dagogisches Mittel, welches den Bed\u00fcrfnissen angepasst modulierbar ist. Die Betreuungsperson passt den Ablauf je nach Tagesdynamik an.<br \/>\nMachen Sie es zu Ihrem eigenen Mittel![\/et_pb_text][\/et_pb_column][et_pb_column type=&#8221;2_5&#8243; _builder_version=&#8221;4.4.8&#8243;][\/et_pb_column][\/et_pb_row][\/et_pb_section][et_pb_section fb_built=&#8221;1&#8243; _builder_version=&#8221;4.4.8&#8243; custom_padding=&#8221;0px||||false|false&#8221;][et_pb_row column_structure=&#8221;3_4,1_4&#8243; _builder_version=&#8221;4.4.8&#8243;][et_pb_column type=&#8221;3_4&#8243; _builder_version=&#8221;4.4.8&#8243;][et_pb_accordion open_toggle_text_color=&#8221;#eb6e1f&#8221; _builder_version=&#8221;4.4.9&#8243; toggle_text_color=&#8221;#00a1b1&#8243; toggle_level=&#8221;h3&#8243;][et_pb_accordion_item title=&#8221;1. Begr\u00fcssungsritual \u00abWie geht es euch?\u00bb \u2013 5 Min.&#8221; open=&#8221;on&#8221; _builder_version=&#8221;4.4.8&#8243; custom_margin=&#8221;10px||10px||true|false&#8221; border_radii=&#8221;on|5px|5px|5px|5px&#8221;]Zu Beginn jeder H\u00f6rspielsitzung werden die Kinder mit dem Begr\u00fcssungsritual \u00abWie geht es euch?\u00bb empfangen. Damit erhalten die Kinder die Gelegenheit, auf ihre eigenen Gef\u00fchle zu achten, die Gef\u00fchle anderer zu bemerken und zu erleben, dass ein Erwachsener ihre Freuden und Sorgen ernst nimmt.<\/p>\n<p>Den Betreuern und Betreuerinnen hilft dieses Ritual, ein vertieftes Verst\u00e4ndnis f\u00fcr die einzelnen Kinder zu entwickeln und m\u00f6gliche Schwierigkeiten (zum Beispiel Ausgrenzungen) fr\u00fchzeitig zu erkennen. Die Kinder sch\u00e4tzen es, wenn auch die Betreuer und Betreuerinnen sagen, wie es ihnen geht. Zur Gestaltung dieses Begr\u00fcssungsrituals k\u00f6nnen Sie zum Beispiel das auf einer der Karten der Spielothek beschriebene Spiel \u00abDrei Gesichter\u00bb einsetzen.<\/p>\n<p>Es ist empfehlenswert, dieses Ritual fest in den p\u00e4dagogischen Alltag einzubauen. Auf diese Weise k\u00f6nnen Sie einen wichtigen Beitrag dazu leisten, dass alle Kinder \u2013 unabh\u00e4ngig von Temperament und Neigungen \u2013 ihre Freuden, Sorgen und Bed\u00fcrfnisse zum Ausdruck bringen k\u00f6nnen.[\/et_pb_accordion_item][et_pb_accordion_item title=&#8221;2. Kinder auf eine H\u00f6rspielgeschichte einstimmen \u2013 5 bis 8 Min.&#8221; _builder_version=&#8221;4.4.8&#8243; custom_margin=&#8221;10px||10px||true|false&#8221; border_radii=&#8221;on|5px|5px|5px|5px&#8221; open=&#8221;off&#8221;]Bevor mit einem H\u00f6rspiel begonnen wird, ist es empfehlenswert, w\u00e4hrend f\u00fcnf bis zehn Minuten Aufw\u00e4rmspiele in der Gruppe durchzuf\u00fchren. Mit den Spielen, die in der Spielesammlung mit dem Vermerk \u00abAufw\u00e4rmspiel\u00bb gekennzeichnet sind, werden die Kinder auf eine gemeinsame Wirklichkeit eingestimmt.[\/et_pb_accordion_item][et_pb_accordion_item title=&#8221;3. H\u00f6rspielgeschichte pr\u00e4sentieren \u2013 3 bis 10 Min.&#8221; _builder_version=&#8221;4.4.8&#8243; custom_margin=&#8221;10px||10px||true|false&#8221; border_radii=&#8221;on|5px|5px|5px|5px&#8221; open=&#8221;off&#8221;]Die Kinder suchen sich einen Platz auf dem Boden und machen es sich bequem. Zur Entspannung der Atmosph\u00e4re kann im Hintergrund beruhigende Musik abgespielt werden. Es folgt ein drei- bis zehnmin\u00fctiges H\u00f6rspiel aus der Kinderwelt. In der Praxis hat es sich bew\u00e4hrt, die H\u00f6rspiele an einer spannenden Stelle zu unterbrechen, so dass die Kinder selbst einen Schluss erfinden k\u00f6nnen, zum Beispiel im Gespr\u00e4ch oder in Form einer Zeichnung.[\/et_pb_accordion_item][et_pb_accordion_item title=&#8221;4. Im Kreisgespr\u00e4ch Gedanken austauschen&#8221; _builder_version=&#8221;4.4.8&#8243; custom_margin=&#8221;10px||10px||true|false&#8221; border_radii=&#8221;on|5px|5px|5px|5px&#8221; open=&#8221;off&#8221;]Oft entwickelt sich nach oder w\u00e4hrend der Geschichte spontan ein Kreisgespr\u00e4ch, in dem die Kinder eigene Erfahrungen und Erlebnisse zur Sprache bringen. Dabei erkennen sie auch, dass sie mit ihren \u00c4ngsten und Alltagsschwierigkeiten nicht allein sind, und sie k\u00f6nnen sich gegenseitig bei Probleml\u00f6sungen unterst\u00fctzen.<\/p>\n<p>Wichtig ist, dass die Kinder das Thema ihren Bed\u00fcrfnissen entsprechend weiterverfolgen k\u00f6nnen. Manche Kinder denken lange nach, manche gehen schneller zu etwas anderem \u00fcber.<\/p>\n<p>Wer etwas zu der H\u00f6rspielgeschichte sagen will, soll es sagen d\u00fcrfen, wer nichts sagen will, m\u00f6chte vielleicht lieber nachdenken. Was ein Kind mit der Geschichte macht, ist ihm freigestellt.<\/p>\n<p>Oft werden spontane Gedanken ge\u00e4ussert:<br \/>\n\u00abZum Gl\u00fcck ist ihr noch das Richtige eingefallen.\u00bb<br \/>\n\u00abIch h\u00e4tte das nicht so gemacht.\u00bb<br \/>\n\u00abDas ist so wie bei uns in der Schule.\u00bb<br \/>\n\u00abDa h\u00e4tte ich niemals Angst gehabt.\u00bb<\/p>\n<p>Die Betreuer und Betreuerinnen nehmen die Kinder, ihre Anliegen und Gef\u00fchle ernst und versuchen, sich in ihre Welt einzuf\u00fchlen. Sie beeinflussen die Aussagen nicht, zeigen jedoch Interesse und fragen vielleicht nach, wie eine Aussage genau gemeint ist.<\/p>\n<p>Es gibt kein \u00abrichtig\u00bb oder \u00abfalsch\u00bb, der pers\u00f6nliche Eindruck eines Kindes ist immer berechtigt.<\/p>\n<p>Vor allem wenn das Kreisgespr\u00e4ch sehr angeregt verl\u00e4uft, bleibt nicht immer Zeit f\u00fcr die nachfolgende spielerische Bearbeitung der Geschichte. In diesem Fall soll das Kreisgespr\u00e4ch nicht aus Zeitnot abgebrochen werden, denn der pers\u00f6nliche Erfahrungsaustausch hat Priorit\u00e4t.[\/et_pb_accordion_item][et_pb_accordion_item title=&#8221;5. Themen spielerisch umsetzen&#8221; _builder_version=&#8221;4.4.9&#8243; custom_margin=&#8221;10px||10px||true|false&#8221; border_radii=&#8221;on|5px|5px|5px|5px&#8221; open=&#8221;off&#8221;]Nach dem Kreisgespr\u00e4ch oder je nach Situation auch direkt nach der Geschichte bieten die Gruppenspiele aus der Spielesammlung positive Erfahrungen, die dazu beitragen, Kinder stark werden zu lassen. Die Kinder werden sich im Spiel neuer Aspekte ihrer Situation bewusst.<\/p>\n<p>So werden sie seelisch widerstandsf\u00e4higer und bew\u00e4ltigen die Herausforderungen ihres Alltages besser. Ihre Gesundheit und Entwicklung wird gef\u00f6rdert.[\/et_pb_accordion_item][et_pb_accordion_item title=&#8221;6. Freies Spiel&#8221; _builder_version=&#8221;4.4.8&#8243; custom_margin=&#8221;10px||10px||true|false&#8221; border_radii=&#8221;on|5px|5px|5px|5px&#8221; open=&#8221;off&#8221;]Jede H\u00f6rspielsitzung wird durch eine rund zehnmin\u00fctige Spielphase abgeschlossen. Das Spielen dient als Abschlussritual. Die Kinder k\u00f6nnen sich so wieder emotional von den Themen distanzieren, mit denen sie sich w\u00e4hrend der H\u00f6rspielgeschichte auseinander gesetzt haben, und entspannt in ihren Lebensalltag zur\u00fcckkehren.[\/et_pb_accordion_item][\/et_pb_accordion][\/et_pb_column][et_pb_column type=&#8221;1_4&#8243; _builder_version=&#8221;4.4.8&#8243;][\/et_pb_column][\/et_pb_row][et_pb_row column_structure=&#8221;1_3,1_3,1_3&#8243; custom_padding_last_edited=&#8221;on|phone&#8221; _builder_version=&#8221;4.4.8&#8243; custom_margin=&#8221;||||false|false&#8221; custom_padding=&#8221;30px||||false|false&#8221; custom_padding_tablet=&#8221;||||false|false&#8221; custom_padding_phone=&#8221;||||false|false&#8221;][et_pb_column type=&#8221;1_3&#8243; _builder_version=&#8221;4.4.8&#8243;][et_pb_button button_url=&#8221;https:\/\/cleverclub.ch\/wp-content\/uploads\/2020\/07\/CC-HANDBUCH-D.pdf&#8221; url_new_window=&#8221;on&#8221; button_text=&#8221;Clever Club Handbuch&#8221; button_alignment=&#8221;left&#8221; _builder_version=&#8221;4.4.9&#8243; custom_button=&#8221;on&#8221; button_text_size=&#8221;15px&#8221; button_border_width=&#8221;2px&#8221; button_border_radius=&#8221;3px&#8221; button_font=&#8221;Nunito|700|||||||&#8221; button_icon=&#8221;%%208%%&#8221; button_icon_placement=&#8221;left&#8221; button_on_hover=&#8221;off&#8221; custom_margin=&#8221;||||false|false&#8221; custom_padding=&#8221;|12px||30px|false|false&#8221;][\/et_pb_button][\/et_pb_column][et_pb_column type=&#8221;1_3&#8243; _builder_version=&#8221;4.4.8&#8243;][et_pb_button button_url=&#8221;@ET-DC@eyJkeW5hbWljIjp0cnVlLCJjb250ZW50IjoicG9zdF9saW5rX3VybF9wYWdlIiwic2V0dGluZ3MiOnsicG9zdF9pZCI6IjM5In19@&#8221; button_text=&#8221;Themen &amp; Geschichten&#8221; button_alignment=&#8221;left&#8221; _builder_version=&#8221;4.4.8&#8243; _dynamic_attributes=&#8221;button_url&#8221; custom_button=&#8221;on&#8221; button_text_size=&#8221;15px&#8221; button_border_width=&#8221;2px&#8221; button_border_radius=&#8221;3px&#8221; button_font=&#8221;Nunito|700|||||||&#8221; button_icon=&#8221;%%40%%&#8221; button_icon_placement=&#8221;left&#8221; button_on_hover=&#8221;off&#8221; custom_margin=&#8221;||||false|false&#8221; custom_padding=&#8221;|12px||30px|false|false&#8221;][\/et_pb_button][\/et_pb_column][et_pb_column type=&#8221;1_3&#8243; _builder_version=&#8221;4.4.8&#8243;][\/et_pb_column][\/et_pb_row][\/et_pb_section]<\/p>\n","protected":false},"excerpt":{"rendered":"<p>Ablauf einer Clever Club Sitzung Rund um die Geschichte Es empfiehlt sich, den Ablauf der H\u00f6rspielsitzung immer gleich zu gestalten. Wenn von Anfang an ein bestimmter Ablauf festgelegt wird, verinnerlichen die Kinder rasch diese Struktur und richten sich auch danach. Ein solches Vorgehen vermittelt den Kindern Sicherheit, weil sie wissen, was sie erwartet. Ein geregeltes [&hellip;]<\/p>\n","protected":false},"author":1,"featured_media":0,"parent":0,"menu_order":0,"comment_status":"closed","ping_status":"closed","template":"","meta":{"_et_pb_use_builder":"on","_et_pb_old_content":"","_et_gb_content_width":"","inline_featured_image":false,"footnotes":""},"class_list":["post-921","page","type-page","status-publish","hentry"],"yoast_head":"<!-- This site is optimized with the Yoast SEO plugin v27.2 - https:\/\/yoast.com\/product\/yoast-seo-wordpress\/ -->\n<title>Ablauf einer Clever Club Sitzung - Clever Club<\/title>\n<meta name=\"description\" content=\"Es empfiehlt sich, den Ablauf der H\u00f6rspielsitzung immer gleich zu gestalten. Die Kinder verinnerlichen diese Struktur und richten sich auch danach.\" \/>\n<meta name=\"robots\" content=\"index, follow, max-snippet:-1, max-image-preview:large, max-video-preview:-1\" \/>\n<link rel=\"canonical\" href=\"https:\/\/cleverclub.ch\/de\/ablauf\/\" \/>\n<meta property=\"og:locale\" content=\"de_DE\" \/>\n<meta property=\"og:type\" content=\"article\" \/>\n<meta property=\"og:title\" content=\"Ablauf einer Clever Club Sitzung - Clever Club\" \/>\n<meta property=\"og:description\" content=\"Es empfiehlt sich, den Ablauf der H\u00f6rspielsitzung immer gleich zu gestalten. Die Kinder verinnerlichen diese Struktur und richten sich auch danach.\" \/>\n<meta property=\"og:url\" content=\"https:\/\/cleverclub.ch\/de\/ablauf\/\" \/>\n<meta property=\"og:site_name\" content=\"Clever Club\" \/>\n<meta property=\"article:publisher\" content=\"https:\/\/www.facebook.com\/AddictionSuisse\" \/>\n<meta property=\"article:modified_time\" content=\"2024-06-06T08:25:36+00:00\" \/>\n<meta name=\"twitter:card\" content=\"summary_large_image\" \/>\n<meta name=\"twitter:site\" content=\"@AddictionSuisse\" \/>\n<meta name=\"twitter:label1\" content=\"Gesch\u00e4tzte Lesezeit\" \/>\n\t<meta name=\"twitter:data1\" content=\"7\u00a0Minuten\" \/>\n<script type=\"application\/ld+json\" class=\"yoast-schema-graph\">{\"@context\":\"https:\/\/schema.org\",\"@graph\":[{\"@type\":\"WebPage\",\"@id\":\"https:\/\/cleverclub.ch\/de\/ablauf\/\",\"url\":\"https:\/\/cleverclub.ch\/de\/ablauf\/\",\"name\":\"Ablauf einer Clever Club Sitzung - Clever Club\",\"isPartOf\":{\"@id\":\"https:\/\/cleverclub.ch\/de\/#website\"},\"datePublished\":\"2020-07-15T08:08:28+00:00\",\"dateModified\":\"2024-06-06T08:25:36+00:00\",\"description\":\"Es empfiehlt sich, den Ablauf der H\u00f6rspielsitzung immer gleich zu gestalten. Die Kinder verinnerlichen diese Struktur und richten sich auch danach.\",\"breadcrumb\":{\"@id\":\"https:\/\/cleverclub.ch\/de\/ablauf\/#breadcrumb\"},\"inLanguage\":\"de\",\"potentialAction\":[{\"@type\":\"ReadAction\",\"target\":[\"https:\/\/cleverclub.ch\/de\/ablauf\/\"]}]},{\"@type\":\"BreadcrumbList\",\"@id\":\"https:\/\/cleverclub.ch\/de\/ablauf\/#breadcrumb\",\"itemListElement\":[{\"@type\":\"ListItem\",\"position\":1,\"name\":\"Home\",\"item\":\"https:\/\/cleverclub.ch\/de\/\"},{\"@type\":\"ListItem\",\"position\":2,\"name\":\"Ablauf einer Clever Club Sitzung\"}]},{\"@type\":\"WebSite\",\"@id\":\"https:\/\/cleverclub.ch\/de\/#website\",\"url\":\"https:\/\/cleverclub.ch\/de\/\",\"name\":\"Clever Club\",\"description\":\"Lebenskompetenzen von 7- bis 12-J\u00e4hrigen f\u00f6rdern\",\"publisher\":{\"@id\":\"https:\/\/cleverclub.ch\/de\/#organization\"},\"potentialAction\":[{\"@type\":\"SearchAction\",\"target\":{\"@type\":\"EntryPoint\",\"urlTemplate\":\"https:\/\/cleverclub.ch\/de\/?s={search_term_string}\"},\"query-input\":{\"@type\":\"PropertyValueSpecification\",\"valueRequired\":true,\"valueName\":\"search_term_string\"}}],\"inLanguage\":\"de\"},{\"@type\":\"Organization\",\"@id\":\"https:\/\/cleverclub.ch\/de\/#organization\",\"name\":\"Clever Club\",\"url\":\"https:\/\/cleverclub.ch\/de\/\",\"logo\":{\"@type\":\"ImageObject\",\"inLanguage\":\"de\",\"@id\":\"https:\/\/cleverclub.ch\/de\/#\/schema\/logo\/image\/\",\"url\":\"https:\/\/cleverclub.ch\/wp-content\/uploads\/2024\/06\/cleverclub.png\",\"contentUrl\":\"https:\/\/cleverclub.ch\/wp-content\/uploads\/2024\/06\/cleverclub.png\",\"width\":379,\"height\":187,\"caption\":\"Clever Club\"},\"image\":{\"@id\":\"https:\/\/cleverclub.ch\/de\/#\/schema\/logo\/image\/\"},\"sameAs\":[\"https:\/\/www.facebook.com\/AddictionSuisse\",\"https:\/\/x.com\/AddictionSuisse\",\"https:\/\/www.linkedin.com\/company\/addiction-suisse\/\",\"https:\/\/www.instagram.com\/addictionsuisse\/\",\"https:\/\/www.youtube.com\/@Addiction_Suisse\"]}]}<\/script>\n<!-- \/ Yoast SEO plugin. -->","yoast_head_json":{"title":"Ablauf einer Clever Club Sitzung - Clever Club","description":"Es empfiehlt sich, den Ablauf der H\u00f6rspielsitzung immer gleich zu gestalten. Die Kinder verinnerlichen diese Struktur und richten sich auch danach.","robots":{"index":"index","follow":"follow","max-snippet":"max-snippet:-1","max-image-preview":"max-image-preview:large","max-video-preview":"max-video-preview:-1"},"canonical":"https:\/\/cleverclub.ch\/de\/ablauf\/","og_locale":"de_DE","og_type":"article","og_title":"Ablauf einer Clever Club Sitzung - Clever Club","og_description":"Es empfiehlt sich, den Ablauf der H\u00f6rspielsitzung immer gleich zu gestalten. Die Kinder verinnerlichen diese Struktur und richten sich auch danach.","og_url":"https:\/\/cleverclub.ch\/de\/ablauf\/","og_site_name":"Clever Club","article_publisher":"https:\/\/www.facebook.com\/AddictionSuisse","article_modified_time":"2024-06-06T08:25:36+00:00","twitter_card":"summary_large_image","twitter_site":"@AddictionSuisse","twitter_misc":{"Gesch\u00e4tzte Lesezeit":"7\u00a0Minuten"},"schema":{"@context":"https:\/\/schema.org","@graph":[{"@type":"WebPage","@id":"https:\/\/cleverclub.ch\/de\/ablauf\/","url":"https:\/\/cleverclub.ch\/de\/ablauf\/","name":"Ablauf einer Clever Club Sitzung - Clever Club","isPartOf":{"@id":"https:\/\/cleverclub.ch\/de\/#website"},"datePublished":"2020-07-15T08:08:28+00:00","dateModified":"2024-06-06T08:25:36+00:00","description":"Es empfiehlt sich, den Ablauf der H\u00f6rspielsitzung immer gleich zu gestalten. Die Kinder verinnerlichen diese Struktur und richten sich auch danach.","breadcrumb":{"@id":"https:\/\/cleverclub.ch\/de\/ablauf\/#breadcrumb"},"inLanguage":"de","potentialAction":[{"@type":"ReadAction","target":["https:\/\/cleverclub.ch\/de\/ablauf\/"]}]},{"@type":"BreadcrumbList","@id":"https:\/\/cleverclub.ch\/de\/ablauf\/#breadcrumb","itemListElement":[{"@type":"ListItem","position":1,"name":"Home","item":"https:\/\/cleverclub.ch\/de\/"},{"@type":"ListItem","position":2,"name":"Ablauf einer Clever Club Sitzung"}]},{"@type":"WebSite","@id":"https:\/\/cleverclub.ch\/de\/#website","url":"https:\/\/cleverclub.ch\/de\/","name":"Clever Club","description":"Lebenskompetenzen von 7- bis 12-J\u00e4hrigen f\u00f6rdern","publisher":{"@id":"https:\/\/cleverclub.ch\/de\/#organization"},"potentialAction":[{"@type":"SearchAction","target":{"@type":"EntryPoint","urlTemplate":"https:\/\/cleverclub.ch\/de\/?s={search_term_string}"},"query-input":{"@type":"PropertyValueSpecification","valueRequired":true,"valueName":"search_term_string"}}],"inLanguage":"de"},{"@type":"Organization","@id":"https:\/\/cleverclub.ch\/de\/#organization","name":"Clever Club","url":"https:\/\/cleverclub.ch\/de\/","logo":{"@type":"ImageObject","inLanguage":"de","@id":"https:\/\/cleverclub.ch\/de\/#\/schema\/logo\/image\/","url":"https:\/\/cleverclub.ch\/wp-content\/uploads\/2024\/06\/cleverclub.png","contentUrl":"https:\/\/cleverclub.ch\/wp-content\/uploads\/2024\/06\/cleverclub.png","width":379,"height":187,"caption":"Clever Club"},"image":{"@id":"https:\/\/cleverclub.ch\/de\/#\/schema\/logo\/image\/"},"sameAs":["https:\/\/www.facebook.com\/AddictionSuisse","https:\/\/x.com\/AddictionSuisse","https:\/\/www.linkedin.com\/company\/addiction-suisse\/","https:\/\/www.instagram.com\/addictionsuisse\/","https:\/\/www.youtube.com\/@Addiction_Suisse"]}]}},"_links":{"self":[{"href":"https:\/\/cleverclub.ch\/de\/wp-json\/wp\/v2\/pages\/921","targetHints":{"allow":["GET"]}}],"collection":[{"href":"https:\/\/cleverclub.ch\/de\/wp-json\/wp\/v2\/pages"}],"about":[{"href":"https:\/\/cleverclub.ch\/de\/wp-json\/wp\/v2\/types\/page"}],"author":[{"embeddable":true,"href":"https:\/\/cleverclub.ch\/de\/wp-json\/wp\/v2\/users\/1"}],"replies":[{"embeddable":true,"href":"https:\/\/cleverclub.ch\/de\/wp-json\/wp\/v2\/comments?post=921"}],"version-history":[{"count":12,"href":"https:\/\/cleverclub.ch\/de\/wp-json\/wp\/v2\/pages\/921\/revisions"}],"predecessor-version":[{"id":1508,"href":"https:\/\/cleverclub.ch\/de\/wp-json\/wp\/v2\/pages\/921\/revisions\/1508"}],"wp:attachment":[{"href":"https:\/\/cleverclub.ch\/de\/wp-json\/wp\/v2\/media?parent=921"}],"curies":[{"name":"wp","href":"https:\/\/api.w.org\/{rel}","templated":true}]}}