{"id":908,"date":"2020-07-14T18:20:53","date_gmt":"2020-07-14T16:20:53","guid":{"rendered":"https:\/\/dev.cleverclub.ch\/kontakt\/"},"modified":"2025-05-19T14:16:54","modified_gmt":"2025-05-19T12:16:54","slug":"kontakt","status":"publish","type":"page","link":"https:\/\/cleverclub.ch\/de\/kontakt\/","title":{"rendered":"Kontakt"},"content":{"rendered":"<p>[et_pb_section fb_built=&#8221;1&#8243; _builder_version=&#8221;4.16&#8243; background_image=&#8221;https:\/\/cleverclub.ch\/wp-content\/uploads\/2020\/07\/thumbup.png&#8221; background_size=&#8221;initial&#8221; background_position=&#8221;bottom_left&#8221; custom_padding=&#8221;35px||||false|false&#8221; background_last_edited=&#8221;on|phone&#8221; background_image_tablet=&#8221;https:\/\/cleverclub.ch\/wp-content\/uploads\/2020\/07\/thumbup.png&#8221; background_image_phone=&#8221;https:\/\/cleverclub.ch\/wp-content\/uploads\/2020\/07\/thumbup.png&#8221; background_enable_image_tablet=&#8221;on&#8221; background_enable_image_phone=&#8221;on&#8221; background_size_tablet=&#8221;initial&#8221; background_size_phone=&#8221;contain&#8221; global_colors_info=&#8221;{}&#8221; title_text_tablet=&#8221;thumbup&#8221; title_text_phone=&#8221;thumbup&#8221;][et_pb_row column_structure=&#8221;1_5,3_5,1_5&#8243; _builder_version=&#8221;4.16&#8243; global_colors_info=&#8221;{}&#8221;][et_pb_column type=&#8221;1_5&#8243; _builder_version=&#8221;4.16&#8243; global_colors_info=&#8221;{}&#8221;][\/et_pb_column][et_pb_column type=&#8221;3_5&#8243; _builder_version=&#8221;4.16&#8243; global_colors_info=&#8221;{}&#8221;][et_pb_text _builder_version=&#8221;4.19.1&#8243; link_font=&#8221;||||on||||&#8221; link_text_color=&#8221;#00a1b1&#8243; custom_margin=&#8221;||||false|false&#8221; global_colors_info=&#8221;{}&#8221;]<\/p>\n<h1>Kontakt<\/h1>\n<p>F\u00fcr Empfehlungen zur Umsetzung oder weitere Fragen: Marie-No\u00eblle McGarrity \u2013 Projektleiterin 021 321 29 31 | <a href=\"mailto:mnmcgarrity@suchtschweiz.ch\">mnmcgarrity@suchtschweiz.ch<\/a><\/p>\n<p>[\/et_pb_text][et_pb_text _builder_version=&#8221;4.19.1&#8243; _module_preset=&#8221;default&#8221; custom_margin=&#8221;||10px||false|false&#8221; global_colors_info=&#8221;{}&#8221;]<\/p>\n<h2 class=\"csc-firstHeader\">Eine Nachricht senden<\/h2>\n<p>[\/et_pb_text][et_pb_wpt_gravityform gravityform_id=&#8221;gf-3&#8243; title=&#8221;off&#8221; description=&#8221;off&#8221; _builder_version=&#8221;4.19.1&#8243; _module_preset=&#8221;default&#8221; global_colors_info=&#8221;{}&#8221;][\/et_pb_wpt_gravityform][et_pb_text _builder_version=&#8221;4.27.4&#8243; custom_margin=&#8221;||||false|false&#8221; custom_margin_tablet=&#8221;|||50%|false|false&#8221; custom_margin_phone=&#8221;||100px|0%|false|false&#8221; custom_margin_last_edited=&#8221;on|phone&#8221; hover_enabled=&#8221;0&#8243; global_colors_info=&#8221;{}&#8221; sticky_enabled=&#8221;0&#8243;]<\/p>\n<h1>\u00dcber uns<\/h1>\n<p>Sucht Schweiz hat das Programm Clever Club entwickelt, um es Kindern bereits in jungen Jahren zu erm\u00f6glichen, Lebenskompetenzen und F\u00e4higkeiten zu entwickeln. Diese sind wichtige Schutzfaktoren im Umgang mit Herausforderungen, auf die sie in ihrem Leben treffen.<br \/>Diese Kompetenzen sind insbesondere f\u00fcr die Suchtpr\u00e4vention wichtig. Die Entwicklung und Weiterentwicklung dieses Programms wurde durch die finanzielle Unterst\u00fctzung verschiedener Stiftungen und Spenden erm\u00f6glicht.<\/p>\n<p>[\/et_pb_text][\/et_pb_column][et_pb_column type=&#8221;1_5&#8243; _builder_version=&#8221;4.16&#8243; global_colors_info=&#8221;{}&#8221;][\/et_pb_column][\/et_pb_row][\/et_pb_section]<\/p>\n","protected":false},"excerpt":{"rendered":"<p>Kontakt F\u00fcr Empfehlungen zur Umsetzung oder weitere Fragen: Marie-No\u00eblle McGarrity \u2013 Projektleiterin 021 321 29 31 | mnmcgarrity@suchtschweiz.chEine Nachricht senden\u00dcber uns Sucht Schweiz hat das Programm Clever Club entwickelt, um es Kindern bereits in jungen Jahren zu erm\u00f6glichen, Lebenskompetenzen und F\u00e4higkeiten zu entwickeln. Diese sind wichtige Schutzfaktoren im Umgang mit Herausforderungen, auf die sie in [&hellip;]<\/p>\n","protected":false},"author":1,"featured_media":0,"parent":0,"menu_order":0,"comment_status":"closed","ping_status":"closed","template":"","meta":{"_et_pb_use_builder":"on","_et_pb_old_content":"","_et_gb_content_width":"","inline_featured_image":false,"footnotes":""},"class_list":["post-908","page","type-page","status-publish","hentry"],"yoast_head":"<!-- This site is optimized with the Yoast SEO plugin v27.2 - https:\/\/yoast.com\/product\/yoast-seo-wordpress\/ -->\n<title>Kontakt - Clever Club<\/title>\n<meta name=\"robots\" content=\"index, follow, max-snippet:-1, max-image-preview:large, max-video-preview:-1\" \/>\n<link rel=\"canonical\" href=\"https:\/\/cleverclub.ch\/de\/kontakt\/\" \/>\n<meta property=\"og:locale\" content=\"de_DE\" \/>\n<meta property=\"og:type\" content=\"article\" \/>\n<meta property=\"og:title\" content=\"Kontakt - Clever Club\" \/>\n<meta property=\"og:description\" content=\"Kontakt F\u00fcr Empfehlungen zur Umsetzung oder weitere Fragen: Marie-No\u00eblle McGarrity \u2013 Projektleiterin 021 321 29 31 | mnmcgarrity@suchtschweiz.chEine Nachricht senden\u00dcber uns Sucht Schweiz hat das Programm Clever Club entwickelt, um es Kindern bereits in jungen Jahren zu erm\u00f6glichen, Lebenskompetenzen und F\u00e4higkeiten zu entwickeln. Diese sind wichtige Schutzfaktoren im Umgang mit Herausforderungen, auf die sie in [&hellip;]\" \/>\n<meta property=\"og:url\" content=\"https:\/\/cleverclub.ch\/de\/kontakt\/\" \/>\n<meta property=\"og:site_name\" content=\"Clever Club\" \/>\n<meta property=\"article:publisher\" content=\"https:\/\/www.facebook.com\/AddictionSuisse\" \/>\n<meta property=\"article:modified_time\" content=\"2025-05-19T12:16:54+00:00\" \/>\n<meta name=\"twitter:card\" content=\"summary_large_image\" \/>\n<meta name=\"twitter:site\" content=\"@AddictionSuisse\" \/>\n<meta name=\"twitter:label1\" content=\"Gesch\u00e4tzte Lesezeit\" \/>\n\t<meta name=\"twitter:data1\" content=\"2\u00a0Minuten\" \/>\n<script type=\"application\/ld+json\" class=\"yoast-schema-graph\">{\"@context\":\"https:\/\/schema.org\",\"@graph\":[{\"@type\":\"WebPage\",\"@id\":\"https:\/\/cleverclub.ch\/de\/kontakt\/\",\"url\":\"https:\/\/cleverclub.ch\/de\/kontakt\/\",\"name\":\"Kontakt - Clever Club\",\"isPartOf\":{\"@id\":\"https:\/\/cleverclub.ch\/de\/#website\"},\"datePublished\":\"2020-07-14T16:20:53+00:00\",\"dateModified\":\"2025-05-19T12:16:54+00:00\",\"breadcrumb\":{\"@id\":\"https:\/\/cleverclub.ch\/de\/kontakt\/#breadcrumb\"},\"inLanguage\":\"de\",\"potentialAction\":[{\"@type\":\"ReadAction\",\"target\":[\"https:\/\/cleverclub.ch\/de\/kontakt\/\"]}]},{\"@type\":\"BreadcrumbList\",\"@id\":\"https:\/\/cleverclub.ch\/de\/kontakt\/#breadcrumb\",\"itemListElement\":[{\"@type\":\"ListItem\",\"position\":1,\"name\":\"Home\",\"item\":\"https:\/\/cleverclub.ch\/de\/\"},{\"@type\":\"ListItem\",\"position\":2,\"name\":\"Kontakt\"}]},{\"@type\":\"WebSite\",\"@id\":\"https:\/\/cleverclub.ch\/de\/#website\",\"url\":\"https:\/\/cleverclub.ch\/de\/\",\"name\":\"Clever Club\",\"description\":\"Lebenskompetenzen von 7- bis 12-J\u00e4hrigen f\u00f6rdern\",\"publisher\":{\"@id\":\"https:\/\/cleverclub.ch\/de\/#organization\"},\"potentialAction\":[{\"@type\":\"SearchAction\",\"target\":{\"@type\":\"EntryPoint\",\"urlTemplate\":\"https:\/\/cleverclub.ch\/de\/?s={search_term_string}\"},\"query-input\":{\"@type\":\"PropertyValueSpecification\",\"valueRequired\":true,\"valueName\":\"search_term_string\"}}],\"inLanguage\":\"de\"},{\"@type\":\"Organization\",\"@id\":\"https:\/\/cleverclub.ch\/de\/#organization\",\"name\":\"Clever Club\",\"url\":\"https:\/\/cleverclub.ch\/de\/\",\"logo\":{\"@type\":\"ImageObject\",\"inLanguage\":\"de\",\"@id\":\"https:\/\/cleverclub.ch\/de\/#\/schema\/logo\/image\/\",\"url\":\"https:\/\/cleverclub.ch\/wp-content\/uploads\/2024\/06\/cleverclub.png\",\"contentUrl\":\"https:\/\/cleverclub.ch\/wp-content\/uploads\/2024\/06\/cleverclub.png\",\"width\":379,\"height\":187,\"caption\":\"Clever Club\"},\"image\":{\"@id\":\"https:\/\/cleverclub.ch\/de\/#\/schema\/logo\/image\/\"},\"sameAs\":[\"https:\/\/www.facebook.com\/AddictionSuisse\",\"https:\/\/x.com\/AddictionSuisse\",\"https:\/\/www.linkedin.com\/company\/addiction-suisse\/\",\"https:\/\/www.instagram.com\/addictionsuisse\/\",\"https:\/\/www.youtube.com\/@Addiction_Suisse\"]}]}<\/script>\n<!-- \/ Yoast SEO plugin. -->","yoast_head_json":{"title":"Kontakt - Clever Club","robots":{"index":"index","follow":"follow","max-snippet":"max-snippet:-1","max-image-preview":"max-image-preview:large","max-video-preview":"max-video-preview:-1"},"canonical":"https:\/\/cleverclub.ch\/de\/kontakt\/","og_locale":"de_DE","og_type":"article","og_title":"Kontakt - Clever Club","og_description":"Kontakt F\u00fcr Empfehlungen zur Umsetzung oder weitere Fragen: Marie-No\u00eblle McGarrity \u2013 Projektleiterin 021 321 29 31 | mnmcgarrity@suchtschweiz.chEine Nachricht senden\u00dcber uns Sucht Schweiz hat das Programm Clever Club entwickelt, um es Kindern bereits in jungen Jahren zu erm\u00f6glichen, Lebenskompetenzen und F\u00e4higkeiten zu entwickeln. Diese sind wichtige Schutzfaktoren im Umgang mit Herausforderungen, auf die sie in [&hellip;]","og_url":"https:\/\/cleverclub.ch\/de\/kontakt\/","og_site_name":"Clever Club","article_publisher":"https:\/\/www.facebook.com\/AddictionSuisse","article_modified_time":"2025-05-19T12:16:54+00:00","twitter_card":"summary_large_image","twitter_site":"@AddictionSuisse","twitter_misc":{"Gesch\u00e4tzte Lesezeit":"2\u00a0Minuten"},"schema":{"@context":"https:\/\/schema.org","@graph":[{"@type":"WebPage","@id":"https:\/\/cleverclub.ch\/de\/kontakt\/","url":"https:\/\/cleverclub.ch\/de\/kontakt\/","name":"Kontakt - Clever Club","isPartOf":{"@id":"https:\/\/cleverclub.ch\/de\/#website"},"datePublished":"2020-07-14T16:20:53+00:00","dateModified":"2025-05-19T12:16:54+00:00","breadcrumb":{"@id":"https:\/\/cleverclub.ch\/de\/kontakt\/#breadcrumb"},"inLanguage":"de","potentialAction":[{"@type":"ReadAction","target":["https:\/\/cleverclub.ch\/de\/kontakt\/"]}]},{"@type":"BreadcrumbList","@id":"https:\/\/cleverclub.ch\/de\/kontakt\/#breadcrumb","itemListElement":[{"@type":"ListItem","position":1,"name":"Home","item":"https:\/\/cleverclub.ch\/de\/"},{"@type":"ListItem","position":2,"name":"Kontakt"}]},{"@type":"WebSite","@id":"https:\/\/cleverclub.ch\/de\/#website","url":"https:\/\/cleverclub.ch\/de\/","name":"Clever Club","description":"Lebenskompetenzen von 7- bis 12-J\u00e4hrigen f\u00f6rdern","publisher":{"@id":"https:\/\/cleverclub.ch\/de\/#organization"},"potentialAction":[{"@type":"SearchAction","target":{"@type":"EntryPoint","urlTemplate":"https:\/\/cleverclub.ch\/de\/?s={search_term_string}"},"query-input":{"@type":"PropertyValueSpecification","valueRequired":true,"valueName":"search_term_string"}}],"inLanguage":"de"},{"@type":"Organization","@id":"https:\/\/cleverclub.ch\/de\/#organization","name":"Clever Club","url":"https:\/\/cleverclub.ch\/de\/","logo":{"@type":"ImageObject","inLanguage":"de","@id":"https:\/\/cleverclub.ch\/de\/#\/schema\/logo\/image\/","url":"https:\/\/cleverclub.ch\/wp-content\/uploads\/2024\/06\/cleverclub.png","contentUrl":"https:\/\/cleverclub.ch\/wp-content\/uploads\/2024\/06\/cleverclub.png","width":379,"height":187,"caption":"Clever Club"},"image":{"@id":"https:\/\/cleverclub.ch\/de\/#\/schema\/logo\/image\/"},"sameAs":["https:\/\/www.facebook.com\/AddictionSuisse","https:\/\/x.com\/AddictionSuisse","https:\/\/www.linkedin.com\/company\/addiction-suisse\/","https:\/\/www.instagram.com\/addictionsuisse\/","https:\/\/www.youtube.com\/@Addiction_Suisse"]}]}},"_links":{"self":[{"href":"https:\/\/cleverclub.ch\/de\/wp-json\/wp\/v2\/pages\/908","targetHints":{"allow":["GET"]}}],"collection":[{"href":"https:\/\/cleverclub.ch\/de\/wp-json\/wp\/v2\/pages"}],"about":[{"href":"https:\/\/cleverclub.ch\/de\/wp-json\/wp\/v2\/types\/page"}],"author":[{"embeddable":true,"href":"https:\/\/cleverclub.ch\/de\/wp-json\/wp\/v2\/users\/1"}],"replies":[{"embeddable":true,"href":"https:\/\/cleverclub.ch\/de\/wp-json\/wp\/v2\/comments?post=908"}],"version-history":[{"count":17,"href":"https:\/\/cleverclub.ch\/de\/wp-json\/wp\/v2\/pages\/908\/revisions"}],"predecessor-version":[{"id":1561,"href":"https:\/\/cleverclub.ch\/de\/wp-json\/wp\/v2\/pages\/908\/revisions\/1561"}],"wp:attachment":[{"href":"https:\/\/cleverclub.ch\/de\/wp-json\/wp\/v2\/media?parent=908"}],"curies":[{"name":"wp","href":"https:\/\/api.w.org\/{rel}","templated":true}]}}