{"id":882,"date":"2020-07-14T14:16:37","date_gmt":"2020-07-14T12:16:37","guid":{"rendered":"https:\/\/dev.cleverclub.ch\/paedagogische-ziele\/"},"modified":"2024-06-06T11:47:22","modified_gmt":"2024-06-06T09:47:22","slug":"paedagogische-ziele","status":"publish","type":"page","link":"https:\/\/cleverclub.ch\/de\/paedagogische-ziele\/","title":{"rendered":"P\u00e4dagogische Ziele"},"content":{"rendered":"<p>[et_pb_section fb_built=&#8221;1&#8243; custom_padding_last_edited=&#8221;on|phone&#8221; _builder_version=&#8221;4.4.9&#8243; background_image=&#8221;https:\/\/cleverclub.ch\/wp-content\/uploads\/2020\/07\/ballons.png&#8221; background_size=&#8221;initial&#8221; background_position=&#8221;center_right&#8221; custom_margin_tablet=&#8221;||||false|false&#8221; custom_margin_phone=&#8221;&#8221; custom_margin_last_edited=&#8221;on|phone&#8221; custom_padding=&#8221;||||false|false&#8221; custom_padding_tablet=&#8221;||190px||false|false&#8221; custom_padding_phone=&#8221;||225px||false|false&#8221; hover_enabled=&#8221;0&#8243; background_last_edited=&#8221;on|phone&#8221; background_size_tablet=&#8221;initial&#8221; background_position_tablet=&#8221;bottom_right&#8221; title_text=&#8221;ballons&#8221; title_text_tablet=&#8221;ballons&#8221; background_image_tablet=&#8221;https:\/\/cleverclub.ch\/wp-content\/uploads\/2020\/07\/ballons.png&#8221; background_enable_image_tablet=&#8221;on&#8221; title_text_phone=&#8221;ballons&#8221; background_image_phone=&#8221;https:\/\/cleverclub.ch\/wp-content\/uploads\/2020\/07\/ballons.png&#8221; background_enable_image_phone=&#8221;on&#8221;][et_pb_row column_structure=&#8221;2_3,1_3&#8243; _builder_version=&#8221;4.4.8&#8243;][et_pb_column type=&#8221;2_3&#8243; _builder_version=&#8221;4.4.8&#8243;][et_pb_text _builder_version=&#8221;4.4.8&#8243; header_3_line_height=&#8221;1.3em&#8221; custom_margin=&#8221;||||false|false&#8221;]<\/p>\n<h1>P\u00e4dagogische Ziele<\/h1>\n<h2>Interesse von Clever Club<\/h2>\n<ul>\n<li>Gef\u00fchle (er)kennen und verstehen, weshalb man ganz unterschiedlich reagiert<\/li>\n<li>Erfahrungen erm\u00f6glichen, welche das Lernen beg\u00fcnstigen. Die Wiederholungen sind wichtig, um das behandelte Thema zu festigen<\/li>\n<li>Verschiedene Reaktionsm\u00f6glichkeiten lernen, indem verschiedene L\u00f6sungen ber\u00fccksichtigt werden<\/li>\n<li>Umgang mit Schwierigkeiten lernen<\/li>\n<li>St\u00e4rkung des Selbstwertgef\u00fchls<\/li>\n<li>Gesund aufwachsen!<\/li>\n<\/ul>\n<p>&nbsp;<\/p>\n<h2>Ziele f\u00fcr Kinder<\/h2>\n<ul>\n<li>sich und andere besser zu verstehen<\/li>\n<li>mit \u00c4ngsten, Entt\u00e4uschungen und Fehlschl\u00e4gen angemessen umzugehen<\/li>\n<li>das Selbstwertgef\u00fchl zu st\u00e4rken<\/li>\n<li>Konflikt- und Beziehungsf\u00e4higkeit weiter zu entwickeln<\/li>\n<li>sich in der Gruppe behaupten zu k\u00f6nnen<\/li>\n<li>Unterschiede zu respektieren und Solidarit\u00e4t zu zeigen<\/li>\n<li>das Konzentrationsverm\u00f6gen zu verbessern<\/li>\n<li>sich zu entspannen und Spass zu haben<\/li>\n<\/ul>\n<p>&nbsp;<\/p>\n<h3>Verbindungen zu Zielen im Lehrplan 21 (Zyklus 2)<\/h3>\n<p>Mehrere \u00fcberfachliche individuelle, soziale oder methodische Kompetenzen des Lehrplans 21 werden im Programm Clever Club angesprochen. Weiter finden sich Bez\u00fcge zu folgenden Zielen:<\/p>\n<p>Die Sch\u00fclerinnen und Sch\u00fcler k\u00f6nnen&#8230;<\/p>\n<ul>\n<li>NMG. 1.1 sich und andere wahrnehmen und beschreiben<\/li>\n<li>NMG.1.2 Mitverantwortung f\u00fcr Gesundheit und Wohlbefinden \u00fcbernehmen und sich vor Gefahren sch\u00fctzen<\/li>\n<li>NMG.1.6 Geschlecht und Rollen reflektieren<\/li>\n<li>NMG.10.1 auf andere eingehen und Gemeinschaft mitgestalten<\/li>\n<li>NMG.10.2 Freundschaft und Beziehungen pflegen und reflektieren<\/li>\n<li>NMG.11.1 menschliche Grunderfahrungen beschreiben und reflektieren<\/li>\n<li>NMG.11.2 philosophische Fragen stellen und \u00fcber sie nachdenken<\/li>\n<li>NMG.11.3 Werte und Normen erl\u00e4utern, pr\u00fcfen und vertreten<\/li>\n<li>NMG.11.4 Situationen und Handlungen hinterfragen, ethisch beurteilen und Standpunkte begr\u00fcndet vertreten<\/li>\n<li>D1.B1. wichtige Informationen aus H\u00f6rtexten entnehmen<\/li>\n<li>D1.C1 Gespr\u00e4chen folgen und ihre Aufmerksamkeit zeigen<\/li>\n<li>D3.C1. sich aktiv an einem Dialog beteiligen<\/li>\n<\/ul>\n<p>[\/et_pb_text][et_pb_button button_url=&#8221;@ET-DC@eyJkeW5hbWljIjp0cnVlLCJjb250ZW50IjoicG9zdF9saW5rX3VybF9wYWdlIiwic2V0dGluZ3MiOnsicG9zdF9pZCI6IjE5MCJ9fQ==@&#8221; button_text=&#8221;Ablauf einer Clever Club Sitzung&#8221; button_alignment=&#8221;left&#8221; _builder_version=&#8221;4.4.8&#8243; _dynamic_attributes=&#8221;button_url&#8221; custom_button=&#8221;on&#8221; button_text_size=&#8221;15px&#8221; button_border_width=&#8221;2px&#8221; button_border_radius=&#8221;3px&#8221; button_font=&#8221;Nunito|700|||||||&#8221; button_icon=&#8221;%%166%%&#8221; button_icon_placement=&#8221;left&#8221; button_on_hover=&#8221;off&#8221; custom_margin=&#8221;||||false|false&#8221; custom_padding=&#8221;|12px||30px|false|false&#8221;][\/et_pb_button][\/et_pb_column][et_pb_column type=&#8221;1_3&#8243; _builder_version=&#8221;4.4.8&#8243;][\/et_pb_column][\/et_pb_row][\/et_pb_section]<\/p>\n","protected":false},"excerpt":{"rendered":"<p>P\u00e4dagogische Ziele Interesse von Clever Club Gef\u00fchle (er)kennen und verstehen, weshalb man ganz unterschiedlich reagiert Erfahrungen erm\u00f6glichen, welche das Lernen beg\u00fcnstigen. Die Wiederholungen sind wichtig, um das behandelte Thema zu festigen Verschiedene Reaktionsm\u00f6glichkeiten lernen, indem verschiedene L\u00f6sungen ber\u00fccksichtigt werden Umgang mit Schwierigkeiten lernen St\u00e4rkung des Selbstwertgef\u00fchls Gesund aufwachsen! &nbsp; Ziele f\u00fcr Kinder sich und andere [&hellip;]<\/p>\n","protected":false},"author":1,"featured_media":0,"parent":0,"menu_order":0,"comment_status":"closed","ping_status":"closed","template":"","meta":{"_et_pb_use_builder":"on","_et_pb_old_content":"","_et_gb_content_width":"","inline_featured_image":false,"footnotes":""},"class_list":["post-882","page","type-page","status-publish","hentry"],"yoast_head":"<!-- This site is optimized with the Yoast SEO plugin v27.2 - https:\/\/yoast.com\/product\/yoast-seo-wordpress\/ -->\n<title>P\u00e4dagogische Ziele - Clever Club<\/title>\n<meta name=\"description\" content=\"Mehrere \u00fcberfachliche individuelle, soziale oder methodische Kompetenzen des Lehrplans 21 werden im Programm Clever Club angesprochen.\" \/>\n<meta name=\"robots\" content=\"index, follow, max-snippet:-1, max-image-preview:large, max-video-preview:-1\" \/>\n<link rel=\"canonical\" href=\"https:\/\/cleverclub.ch\/de\/paedagogische-ziele\/\" \/>\n<meta property=\"og:locale\" content=\"de_DE\" \/>\n<meta property=\"og:type\" content=\"article\" \/>\n<meta property=\"og:title\" content=\"P\u00e4dagogische Ziele - Clever Club\" \/>\n<meta property=\"og:description\" content=\"Mehrere \u00fcberfachliche individuelle, soziale oder methodische Kompetenzen des Lehrplans 21 werden im Programm Clever Club angesprochen.\" \/>\n<meta property=\"og:url\" content=\"https:\/\/cleverclub.ch\/de\/paedagogische-ziele\/\" \/>\n<meta property=\"og:site_name\" content=\"Clever Club\" \/>\n<meta property=\"article:publisher\" content=\"https:\/\/www.facebook.com\/AddictionSuisse\" \/>\n<meta property=\"article:modified_time\" content=\"2024-06-06T09:47:22+00:00\" \/>\n<meta name=\"twitter:card\" content=\"summary_large_image\" \/>\n<meta name=\"twitter:site\" content=\"@AddictionSuisse\" \/>\n<meta name=\"twitter:label1\" content=\"Gesch\u00e4tzte Lesezeit\" \/>\n\t<meta name=\"twitter:data1\" content=\"3\u00a0Minuten\" \/>\n<script type=\"application\/ld+json\" class=\"yoast-schema-graph\">{\"@context\":\"https:\/\/schema.org\",\"@graph\":[{\"@type\":\"WebPage\",\"@id\":\"https:\/\/cleverclub.ch\/de\/paedagogische-ziele\/\",\"url\":\"https:\/\/cleverclub.ch\/de\/paedagogische-ziele\/\",\"name\":\"P\u00e4dagogische Ziele - Clever Club\",\"isPartOf\":{\"@id\":\"https:\/\/cleverclub.ch\/de\/#website\"},\"datePublished\":\"2020-07-14T12:16:37+00:00\",\"dateModified\":\"2024-06-06T09:47:22+00:00\",\"description\":\"Mehrere \u00fcberfachliche individuelle, soziale oder methodische Kompetenzen des Lehrplans 21 werden im Programm Clever Club angesprochen.\",\"breadcrumb\":{\"@id\":\"https:\/\/cleverclub.ch\/de\/paedagogische-ziele\/#breadcrumb\"},\"inLanguage\":\"de\",\"potentialAction\":[{\"@type\":\"ReadAction\",\"target\":[\"https:\/\/cleverclub.ch\/de\/paedagogische-ziele\/\"]}]},{\"@type\":\"BreadcrumbList\",\"@id\":\"https:\/\/cleverclub.ch\/de\/paedagogische-ziele\/#breadcrumb\",\"itemListElement\":[{\"@type\":\"ListItem\",\"position\":1,\"name\":\"Home\",\"item\":\"https:\/\/cleverclub.ch\/de\/\"},{\"@type\":\"ListItem\",\"position\":2,\"name\":\"P\u00e4dagogische Ziele\"}]},{\"@type\":\"WebSite\",\"@id\":\"https:\/\/cleverclub.ch\/de\/#website\",\"url\":\"https:\/\/cleverclub.ch\/de\/\",\"name\":\"Clever Club\",\"description\":\"Lebenskompetenzen von 7- bis 12-J\u00e4hrigen f\u00f6rdern\",\"publisher\":{\"@id\":\"https:\/\/cleverclub.ch\/de\/#organization\"},\"potentialAction\":[{\"@type\":\"SearchAction\",\"target\":{\"@type\":\"EntryPoint\",\"urlTemplate\":\"https:\/\/cleverclub.ch\/de\/?s={search_term_string}\"},\"query-input\":{\"@type\":\"PropertyValueSpecification\",\"valueRequired\":true,\"valueName\":\"search_term_string\"}}],\"inLanguage\":\"de\"},{\"@type\":\"Organization\",\"@id\":\"https:\/\/cleverclub.ch\/de\/#organization\",\"name\":\"Clever Club\",\"url\":\"https:\/\/cleverclub.ch\/de\/\",\"logo\":{\"@type\":\"ImageObject\",\"inLanguage\":\"de\",\"@id\":\"https:\/\/cleverclub.ch\/de\/#\/schema\/logo\/image\/\",\"url\":\"https:\/\/cleverclub.ch\/wp-content\/uploads\/2024\/06\/cleverclub.png\",\"contentUrl\":\"https:\/\/cleverclub.ch\/wp-content\/uploads\/2024\/06\/cleverclub.png\",\"width\":379,\"height\":187,\"caption\":\"Clever Club\"},\"image\":{\"@id\":\"https:\/\/cleverclub.ch\/de\/#\/schema\/logo\/image\/\"},\"sameAs\":[\"https:\/\/www.facebook.com\/AddictionSuisse\",\"https:\/\/x.com\/AddictionSuisse\",\"https:\/\/www.linkedin.com\/company\/addiction-suisse\/\",\"https:\/\/www.instagram.com\/addictionsuisse\/\",\"https:\/\/www.youtube.com\/@Addiction_Suisse\"]}]}<\/script>\n<!-- \/ Yoast SEO plugin. -->","yoast_head_json":{"title":"P\u00e4dagogische Ziele - Clever Club","description":"Mehrere \u00fcberfachliche individuelle, soziale oder methodische Kompetenzen des Lehrplans 21 werden im Programm Clever Club angesprochen.","robots":{"index":"index","follow":"follow","max-snippet":"max-snippet:-1","max-image-preview":"max-image-preview:large","max-video-preview":"max-video-preview:-1"},"canonical":"https:\/\/cleverclub.ch\/de\/paedagogische-ziele\/","og_locale":"de_DE","og_type":"article","og_title":"P\u00e4dagogische Ziele - Clever Club","og_description":"Mehrere \u00fcberfachliche individuelle, soziale oder methodische Kompetenzen des Lehrplans 21 werden im Programm Clever Club angesprochen.","og_url":"https:\/\/cleverclub.ch\/de\/paedagogische-ziele\/","og_site_name":"Clever Club","article_publisher":"https:\/\/www.facebook.com\/AddictionSuisse","article_modified_time":"2024-06-06T09:47:22+00:00","twitter_card":"summary_large_image","twitter_site":"@AddictionSuisse","twitter_misc":{"Gesch\u00e4tzte Lesezeit":"3\u00a0Minuten"},"schema":{"@context":"https:\/\/schema.org","@graph":[{"@type":"WebPage","@id":"https:\/\/cleverclub.ch\/de\/paedagogische-ziele\/","url":"https:\/\/cleverclub.ch\/de\/paedagogische-ziele\/","name":"P\u00e4dagogische Ziele - Clever Club","isPartOf":{"@id":"https:\/\/cleverclub.ch\/de\/#website"},"datePublished":"2020-07-14T12:16:37+00:00","dateModified":"2024-06-06T09:47:22+00:00","description":"Mehrere \u00fcberfachliche individuelle, soziale oder methodische Kompetenzen des Lehrplans 21 werden im Programm Clever Club angesprochen.","breadcrumb":{"@id":"https:\/\/cleverclub.ch\/de\/paedagogische-ziele\/#breadcrumb"},"inLanguage":"de","potentialAction":[{"@type":"ReadAction","target":["https:\/\/cleverclub.ch\/de\/paedagogische-ziele\/"]}]},{"@type":"BreadcrumbList","@id":"https:\/\/cleverclub.ch\/de\/paedagogische-ziele\/#breadcrumb","itemListElement":[{"@type":"ListItem","position":1,"name":"Home","item":"https:\/\/cleverclub.ch\/de\/"},{"@type":"ListItem","position":2,"name":"P\u00e4dagogische Ziele"}]},{"@type":"WebSite","@id":"https:\/\/cleverclub.ch\/de\/#website","url":"https:\/\/cleverclub.ch\/de\/","name":"Clever Club","description":"Lebenskompetenzen von 7- bis 12-J\u00e4hrigen f\u00f6rdern","publisher":{"@id":"https:\/\/cleverclub.ch\/de\/#organization"},"potentialAction":[{"@type":"SearchAction","target":{"@type":"EntryPoint","urlTemplate":"https:\/\/cleverclub.ch\/de\/?s={search_term_string}"},"query-input":{"@type":"PropertyValueSpecification","valueRequired":true,"valueName":"search_term_string"}}],"inLanguage":"de"},{"@type":"Organization","@id":"https:\/\/cleverclub.ch\/de\/#organization","name":"Clever Club","url":"https:\/\/cleverclub.ch\/de\/","logo":{"@type":"ImageObject","inLanguage":"de","@id":"https:\/\/cleverclub.ch\/de\/#\/schema\/logo\/image\/","url":"https:\/\/cleverclub.ch\/wp-content\/uploads\/2024\/06\/cleverclub.png","contentUrl":"https:\/\/cleverclub.ch\/wp-content\/uploads\/2024\/06\/cleverclub.png","width":379,"height":187,"caption":"Clever Club"},"image":{"@id":"https:\/\/cleverclub.ch\/de\/#\/schema\/logo\/image\/"},"sameAs":["https:\/\/www.facebook.com\/AddictionSuisse","https:\/\/x.com\/AddictionSuisse","https:\/\/www.linkedin.com\/company\/addiction-suisse\/","https:\/\/www.instagram.com\/addictionsuisse\/","https:\/\/www.youtube.com\/@Addiction_Suisse"]}]}},"_links":{"self":[{"href":"https:\/\/cleverclub.ch\/de\/wp-json\/wp\/v2\/pages\/882","targetHints":{"allow":["GET"]}}],"collection":[{"href":"https:\/\/cleverclub.ch\/de\/wp-json\/wp\/v2\/pages"}],"about":[{"href":"https:\/\/cleverclub.ch\/de\/wp-json\/wp\/v2\/types\/page"}],"author":[{"embeddable":true,"href":"https:\/\/cleverclub.ch\/de\/wp-json\/wp\/v2\/users\/1"}],"replies":[{"embeddable":true,"href":"https:\/\/cleverclub.ch\/de\/wp-json\/wp\/v2\/comments?post=882"}],"version-history":[{"count":12,"href":"https:\/\/cleverclub.ch\/de\/wp-json\/wp\/v2\/pages\/882\/revisions"}],"predecessor-version":[{"id":1516,"href":"https:\/\/cleverclub.ch\/de\/wp-json\/wp\/v2\/pages\/882\/revisions\/1516"}],"wp:attachment":[{"href":"https:\/\/cleverclub.ch\/de\/wp-json\/wp\/v2\/media?parent=882"}],"curies":[{"name":"wp","href":"https:\/\/api.w.org\/{rel}","templated":true}]}}