{"id":808,"date":"2020-07-13T10:41:01","date_gmt":"2020-07-13T08:41:01","guid":{"rendered":"https:\/\/dev.cleverclub.ch\/pausengespraeche\/"},"modified":"2022-11-28T23:06:19","modified_gmt":"2022-11-28T22:06:19","slug":"5-pausengespraeche","status":"publish","type":"page","link":"https:\/\/cleverclub.ch\/de\/hoergeschichten\/5-pausengespraeche\/","title":{"rendered":"Pausengespr\u00e4che"},"content":{"rendered":"<p>[et_pb_section fb_built=&#8221;1&#8243; _builder_version=&#8221;4.16&#8243; background_enable_image=&#8221;off&#8221; background_size=&#8221;contain&#8221; background_position=&#8221;bottom_right&#8221; custom_margin=&#8221;||||false|false&#8221; custom_padding=&#8221;35px||40px||false|false&#8221; global_colors_info=&#8221;{}&#8221;][et_pb_row column_structure=&#8221;3_5,2_5&#8243; _builder_version=&#8221;4.16&#8243; background_color=&#8221;rgba(0,0,0,0)&#8221; background_enable_image=&#8221;off&#8221; custom_margin=&#8221;||||false|false&#8221; custom_padding=&#8221;||||false|false&#8221; global_colors_info=&#8221;{}&#8221;][et_pb_column type=&#8221;3_5&#8243; _builder_version=&#8221;4.16&#8243; global_colors_info=&#8221;{}&#8221;][et_pb_text _builder_version=&#8221;4.16&#8243; global_colors_info=&#8221;{}&#8221;]<\/p>\n<h1>5. Pausengespr\u00e4che [2&#8217;57]<\/h1>\n<p>Es ist nicht immer einfach, sich gegenseitig richtig zu verstehen. Deshalb ist es wichtig, Interesse zu zeigen und auf andere zuzugehen.<br \/>\nBereits Kinder lernen, eine Rolle einzunehmen und sich den Erwartungen entsprechend zu verhalten. So versuchen sie etwa auch oft, sich geschlechterkonform zu benehmen.[\/et_pb_text][\/et_pb_column][et_pb_column type=&#8221;2_5&#8243; _builder_version=&#8221;4.16&#8243; background_color=&#8221;rgba(0,0,0,0)&#8221; background_enable_image=&#8221;off&#8221; global_colors_info=&#8221;{}&#8221;][\/et_pb_column][\/et_pb_row][et_pb_row column_structure=&#8221;1_3,1_3,1_3&#8243; _builder_version=&#8221;4.16&#8243; global_colors_info=&#8221;{}&#8221;][et_pb_column type=&#8221;1_3&#8243; _builder_version=&#8221;4.16&#8243; global_colors_info=&#8221;{}&#8221;][et_pb_audio audio=&#8221;https:\/\/cleverclub.ch\/wp-content\/uploads\/2020\/07\/05_Clever_club_Pausengespraeche5.mp3&#8243; _builder_version=&#8221;4.16&#8243; background_color=&#8221;rgba(0,0,0,0.03)&#8221; text_orientation=&#8221;left&#8221; background_layout=&#8221;light&#8221; custom_margin=&#8221;||||false|true&#8221; custom_padding=&#8221;10px||10px||false|false&#8221; border_radii=&#8221;on|5px|5px|5px|5px&#8221; global_colors_info=&#8221;{}&#8221;][\/et_pb_audio][\/et_pb_column][et_pb_column type=&#8221;1_3&#8243; _builder_version=&#8221;4.16&#8243; global_colors_info=&#8221;{}&#8221;][et_pb_button button_url=&#8221;https:\/\/cleverclub.ch\/wp-content\/uploads\/2020\/07\/05_Clever_club_Pausengespraeche5.mp3&#8243; url_new_window=&#8221;on&#8221; button_text=&#8221;Herunterladen&#8221; module_class=&#8221;download-button&#8221; _builder_version=&#8221;4.16&#8243; custom_button=&#8221;on&#8221; button_text_size=&#8221;15px&#8221; button_font=&#8221;|700|||||||&#8221; button_icon=&#8221;&#xe092;||divi||400&#8243; button_icon_placement=&#8221;left&#8221; button_on_hover=&#8221;off&#8221; custom_margin=&#8221;||||false|false&#8221; custom_padding=&#8221;|||30px|false|false&#8221; global_colors_info=&#8221;{}&#8221;][\/et_pb_button][\/et_pb_column][et_pb_column type=&#8221;1_3&#8243; _builder_version=&#8221;4.16&#8243; global_colors_info=&#8221;{}&#8221;][\/et_pb_column][\/et_pb_row][\/et_pb_section][et_pb_section fb_built=&#8221;1&#8243; custom_padding_last_edited=&#8221;on|desktop&#8221; _builder_version=&#8221;4.16&#8243; background_color=&#8221;rgba(154,158,159,0.1)&#8221; background_image=&#8221;https:\/\/cleverclub.ch\/wp-content\/uploads\/2020\/07\/ou.png&#8221; background_size=&#8221;initial&#8221; background_position=&#8221;bottom_right&#8221; custom_margin=&#8221;||||true|false&#8221; custom_padding=&#8221;10px||10px||true|false&#8221; custom_padding_tablet=&#8221;&#8221; custom_padding_phone=&#8221;||170px||false|false&#8221; background_last_edited=&#8221;on|phone&#8221; background_image_tablet=&#8221;https:\/\/cleverclub.ch\/wp-content\/uploads\/2020\/07\/ou.png&#8221; background_image_phone=&#8221;https:\/\/cleverclub.ch\/wp-content\/uploads\/2020\/07\/ou.png&#8221; background_enable_image_tablet=&#8221;on&#8221; background_enable_image_phone=&#8221;on&#8221; background_size_tablet=&#8221;initial&#8221; background_size_phone=&#8221;contain&#8221; global_colors_info=&#8221;{}&#8221; title_text_phone=&#8221;ou&#8221; title_text_tablet=&#8221;ou&#8221;][et_pb_row column_structure=&#8221;2_3,1_3&#8243; _builder_version=&#8221;4.16&#8243; global_colors_info=&#8221;{}&#8221;][et_pb_column type=&#8221;2_3&#8243; _builder_version=&#8221;4.16&#8243; global_colors_info=&#8221;{}&#8221;][et_pb_text _builder_version=&#8221;4.19.1&#8243; custom_margin=&#8221;10px||||false|false&#8221; hover_enabled=&#8221;0&#8243; global_colors_info=&#8221;{}&#8221; sticky_enabled=&#8221;0&#8243;]<\/p>\n<h2>Themenschwerpunkte<\/h2>\n<p>\u2013 Kommunikation <br \/>\u2013 Geschlechterrollen<\/p>\n<p> [\/et_pb_text][et_pb_text _builder_version=&#8221;4.16&#8243; global_colors_info=&#8221;{}&#8221;]<\/p>\n<h2>Vorschl\u00e4ge zur Anregung eines Kreisgespr\u00e4chs<\/h2>\n<p>\u2013 Der Junge meint, M\u00e4dchen seien Angsthasen und empfindlich. Das M\u00e4dchen meint dagegen, Jungen k\u00f6nnten nur dumm schwatzen, seien plump und sexistisch. Denkt ihr auch so ? Wie sind Jungen und M\u00e4dchen eurer Meinung nach ? Woher kommt es, dass man \u00fcber andere so denkt ? \u2013 Was haben das M\u00e4dchen und der Junge in der Geschichte getan ?\u00a0 Warum gelang es ihnen pl\u00f6tzlich, miteinander zu sprechen ? Was kann man tun, wenn man sich nicht richtig versteht, obwohl man ja eigentlich die selbe Sprache spricht ?<\/p>\n<p>[\/et_pb_text][et_pb_text _builder_version=&#8221;4.16&#8243; link_font=&#8221;||||on||||&#8221; link_text_color=&#8221;#00a1b1&#8243; custom_margin=&#8221;||||false|false&#8221; global_colors_info=&#8221;{}&#8221;]<\/p>\n<h2>Spiele<\/h2>\n<p><a href=\"https:\/\/cleverclub.ch\/wp-content\/uploads\/2020\/07\/CC-AUF_UND_AB.pdf\" target=\"_blank\" rel=\"noopener noreferrer\">Auf und ab<\/a><br \/> <a href=\"https:\/\/cleverclub.ch\/wp-content\/uploads\/2020\/07\/CC-SPIEGEL.pdf\" target=\"_blank\" rel=\"noopener noreferrer\">Du bist mein Spiegel<\/a><\/p>\n<p>[\/et_pb_text][et_pb_text _builder_version=&#8221;4.19.1&#8243; link_font=&#8221;||||on||||&#8221; link_text_color=&#8221;#00a1b1&#8243; custom_margin=&#8221;||||false|false&#8221; custom_padding=&#8221;||30px||false|false&#8221; global_colors_info=&#8221;{}&#8221;]<\/p>\n<h2>Vorschl\u00e4ge zu Videos<\/h2>\n<p>11-12 Jahre <br \/>\u2013 <a href=\"https:\/\/www.youtube.com\/watch?v=BgHq1a2P9LQ\" target=\"_blank\" rel=\"noopener\">Einbildung oder Wahrheit?<\/a><br \/>\u2013 <a href=\"https:\/\/youtu.be\/axb4zJB6two\" target=\"_blank\" rel=\"noopener\">Kommunizieren ohne Panik<\/a>\u00a0<\/p>\n<p>[\/et_pb_text][\/et_pb_column][et_pb_column type=&#8221;1_3&#8243; _builder_version=&#8221;4.16&#8243; global_colors_info=&#8221;{}&#8221;][\/et_pb_column][\/et_pb_row][\/et_pb_section]<\/p>\n","protected":false},"excerpt":{"rendered":"<p>5. Pausengespr\u00e4che [2&#8217;57] Es ist nicht immer einfach, sich gegenseitig richtig zu verstehen. Deshalb ist es wichtig, Interesse zu zeigen und auf andere zuzugehen. Bereits Kinder lernen, eine Rolle einzunehmen und sich den Erwartungen entsprechend zu verhalten. So versuchen sie etwa auch oft, sich geschlechterkonform zu benehmen.Themenschwerpunkte \u2013 Kommunikation \u2013 Geschlechterrollen Vorschl\u00e4ge zur Anregung eines [&hellip;]<\/p>\n","protected":false},"author":1,"featured_media":0,"parent":911,"menu_order":0,"comment_status":"closed","ping_status":"closed","template":"","meta":{"_et_pb_use_builder":"on","_et_pb_old_content":"","_et_gb_content_width":"","inline_featured_image":false,"footnotes":""},"class_list":["post-808","page","type-page","status-publish","hentry"],"yoast_head":"<!-- This site is optimized with the Yoast SEO plugin v27.2 - https:\/\/yoast.com\/product\/yoast-seo-wordpress\/ -->\n<title>Pausengespr\u00e4che - Clever Club<\/title>\n<meta name=\"robots\" content=\"index, follow, max-snippet:-1, max-image-preview:large, max-video-preview:-1\" \/>\n<link rel=\"canonical\" href=\"https:\/\/cleverclub.ch\/de\/hoergeschichten\/5-pausengespraeche\/\" \/>\n<meta property=\"og:locale\" content=\"de_DE\" \/>\n<meta property=\"og:type\" content=\"article\" \/>\n<meta property=\"og:title\" content=\"Pausengespr\u00e4che - Clever Club\" \/>\n<meta property=\"og:description\" content=\"5. Pausengespr\u00e4che [2&#039;57] Es ist nicht immer einfach, sich gegenseitig richtig zu verstehen. Deshalb ist es wichtig, Interesse zu zeigen und auf andere zuzugehen. Bereits Kinder lernen, eine Rolle einzunehmen und sich den Erwartungen entsprechend zu verhalten. So versuchen sie etwa auch oft, sich geschlechterkonform zu benehmen.Themenschwerpunkte \u2013 Kommunikation \u2013 Geschlechterrollen Vorschl\u00e4ge zur Anregung eines [&hellip;]\" \/>\n<meta property=\"og:url\" content=\"https:\/\/cleverclub.ch\/de\/hoergeschichten\/5-pausengespraeche\/\" \/>\n<meta property=\"og:site_name\" content=\"Clever Club\" \/>\n<meta property=\"article:publisher\" content=\"https:\/\/www.facebook.com\/AddictionSuisse\" \/>\n<meta property=\"article:modified_time\" content=\"2022-11-28T22:06:19+00:00\" \/>\n<meta name=\"twitter:card\" content=\"summary_large_image\" \/>\n<meta name=\"twitter:site\" content=\"@AddictionSuisse\" \/>\n<meta name=\"twitter:label1\" content=\"Gesch\u00e4tzte Lesezeit\" \/>\n\t<meta name=\"twitter:data1\" content=\"3\u00a0Minuten\" \/>\n<script type=\"application\/ld+json\" class=\"yoast-schema-graph\">{\"@context\":\"https:\/\/schema.org\",\"@graph\":[{\"@type\":\"WebPage\",\"@id\":\"https:\/\/cleverclub.ch\/de\/hoergeschichten\/5-pausengespraeche\/\",\"url\":\"https:\/\/cleverclub.ch\/de\/hoergeschichten\/5-pausengespraeche\/\",\"name\":\"Pausengespr\u00e4che - Clever Club\",\"isPartOf\":{\"@id\":\"https:\/\/cleverclub.ch\/de\/#website\"},\"datePublished\":\"2020-07-13T08:41:01+00:00\",\"dateModified\":\"2022-11-28T22:06:19+00:00\",\"breadcrumb\":{\"@id\":\"https:\/\/cleverclub.ch\/de\/hoergeschichten\/5-pausengespraeche\/#breadcrumb\"},\"inLanguage\":\"de\",\"potentialAction\":[{\"@type\":\"ReadAction\",\"target\":[\"https:\/\/cleverclub.ch\/de\/hoergeschichten\/5-pausengespraeche\/\"]}]},{\"@type\":\"BreadcrumbList\",\"@id\":\"https:\/\/cleverclub.ch\/de\/hoergeschichten\/5-pausengespraeche\/#breadcrumb\",\"itemListElement\":[{\"@type\":\"ListItem\",\"position\":1,\"name\":\"Home\",\"item\":\"https:\/\/cleverclub.ch\/de\/\"},{\"@type\":\"ListItem\",\"position\":2,\"name\":\"Themen und Geschichten\",\"item\":\"https:\/\/cleverclub.ch\/de\/hoergeschichten\/\"},{\"@type\":\"ListItem\",\"position\":3,\"name\":\"Pausengespr\u00e4che\"}]},{\"@type\":\"WebSite\",\"@id\":\"https:\/\/cleverclub.ch\/de\/#website\",\"url\":\"https:\/\/cleverclub.ch\/de\/\",\"name\":\"Clever Club\",\"description\":\"Lebenskompetenzen von 7- bis 12-J\u00e4hrigen f\u00f6rdern\",\"publisher\":{\"@id\":\"https:\/\/cleverclub.ch\/de\/#organization\"},\"potentialAction\":[{\"@type\":\"SearchAction\",\"target\":{\"@type\":\"EntryPoint\",\"urlTemplate\":\"https:\/\/cleverclub.ch\/de\/?s={search_term_string}\"},\"query-input\":{\"@type\":\"PropertyValueSpecification\",\"valueRequired\":true,\"valueName\":\"search_term_string\"}}],\"inLanguage\":\"de\"},{\"@type\":\"Organization\",\"@id\":\"https:\/\/cleverclub.ch\/de\/#organization\",\"name\":\"Clever Club\",\"url\":\"https:\/\/cleverclub.ch\/de\/\",\"logo\":{\"@type\":\"ImageObject\",\"inLanguage\":\"de\",\"@id\":\"https:\/\/cleverclub.ch\/de\/#\/schema\/logo\/image\/\",\"url\":\"https:\/\/cleverclub.ch\/wp-content\/uploads\/2024\/06\/cleverclub.png\",\"contentUrl\":\"https:\/\/cleverclub.ch\/wp-content\/uploads\/2024\/06\/cleverclub.png\",\"width\":379,\"height\":187,\"caption\":\"Clever Club\"},\"image\":{\"@id\":\"https:\/\/cleverclub.ch\/de\/#\/schema\/logo\/image\/\"},\"sameAs\":[\"https:\/\/www.facebook.com\/AddictionSuisse\",\"https:\/\/x.com\/AddictionSuisse\",\"https:\/\/www.linkedin.com\/company\/addiction-suisse\/\",\"https:\/\/www.instagram.com\/addictionsuisse\/\",\"https:\/\/www.youtube.com\/@Addiction_Suisse\"]}]}<\/script>\n<!-- \/ Yoast SEO plugin. -->","yoast_head_json":{"title":"Pausengespr\u00e4che - Clever Club","robots":{"index":"index","follow":"follow","max-snippet":"max-snippet:-1","max-image-preview":"max-image-preview:large","max-video-preview":"max-video-preview:-1"},"canonical":"https:\/\/cleverclub.ch\/de\/hoergeschichten\/5-pausengespraeche\/","og_locale":"de_DE","og_type":"article","og_title":"Pausengespr\u00e4che - Clever Club","og_description":"5. Pausengespr\u00e4che [2'57] Es ist nicht immer einfach, sich gegenseitig richtig zu verstehen. Deshalb ist es wichtig, Interesse zu zeigen und auf andere zuzugehen. Bereits Kinder lernen, eine Rolle einzunehmen und sich den Erwartungen entsprechend zu verhalten. So versuchen sie etwa auch oft, sich geschlechterkonform zu benehmen.Themenschwerpunkte \u2013 Kommunikation \u2013 Geschlechterrollen Vorschl\u00e4ge zur Anregung eines [&hellip;]","og_url":"https:\/\/cleverclub.ch\/de\/hoergeschichten\/5-pausengespraeche\/","og_site_name":"Clever Club","article_publisher":"https:\/\/www.facebook.com\/AddictionSuisse","article_modified_time":"2022-11-28T22:06:19+00:00","twitter_card":"summary_large_image","twitter_site":"@AddictionSuisse","twitter_misc":{"Gesch\u00e4tzte Lesezeit":"3\u00a0Minuten"},"schema":{"@context":"https:\/\/schema.org","@graph":[{"@type":"WebPage","@id":"https:\/\/cleverclub.ch\/de\/hoergeschichten\/5-pausengespraeche\/","url":"https:\/\/cleverclub.ch\/de\/hoergeschichten\/5-pausengespraeche\/","name":"Pausengespr\u00e4che - Clever Club","isPartOf":{"@id":"https:\/\/cleverclub.ch\/de\/#website"},"datePublished":"2020-07-13T08:41:01+00:00","dateModified":"2022-11-28T22:06:19+00:00","breadcrumb":{"@id":"https:\/\/cleverclub.ch\/de\/hoergeschichten\/5-pausengespraeche\/#breadcrumb"},"inLanguage":"de","potentialAction":[{"@type":"ReadAction","target":["https:\/\/cleverclub.ch\/de\/hoergeschichten\/5-pausengespraeche\/"]}]},{"@type":"BreadcrumbList","@id":"https:\/\/cleverclub.ch\/de\/hoergeschichten\/5-pausengespraeche\/#breadcrumb","itemListElement":[{"@type":"ListItem","position":1,"name":"Home","item":"https:\/\/cleverclub.ch\/de\/"},{"@type":"ListItem","position":2,"name":"Themen und Geschichten","item":"https:\/\/cleverclub.ch\/de\/hoergeschichten\/"},{"@type":"ListItem","position":3,"name":"Pausengespr\u00e4che"}]},{"@type":"WebSite","@id":"https:\/\/cleverclub.ch\/de\/#website","url":"https:\/\/cleverclub.ch\/de\/","name":"Clever Club","description":"Lebenskompetenzen von 7- bis 12-J\u00e4hrigen f\u00f6rdern","publisher":{"@id":"https:\/\/cleverclub.ch\/de\/#organization"},"potentialAction":[{"@type":"SearchAction","target":{"@type":"EntryPoint","urlTemplate":"https:\/\/cleverclub.ch\/de\/?s={search_term_string}"},"query-input":{"@type":"PropertyValueSpecification","valueRequired":true,"valueName":"search_term_string"}}],"inLanguage":"de"},{"@type":"Organization","@id":"https:\/\/cleverclub.ch\/de\/#organization","name":"Clever Club","url":"https:\/\/cleverclub.ch\/de\/","logo":{"@type":"ImageObject","inLanguage":"de","@id":"https:\/\/cleverclub.ch\/de\/#\/schema\/logo\/image\/","url":"https:\/\/cleverclub.ch\/wp-content\/uploads\/2024\/06\/cleverclub.png","contentUrl":"https:\/\/cleverclub.ch\/wp-content\/uploads\/2024\/06\/cleverclub.png","width":379,"height":187,"caption":"Clever Club"},"image":{"@id":"https:\/\/cleverclub.ch\/de\/#\/schema\/logo\/image\/"},"sameAs":["https:\/\/www.facebook.com\/AddictionSuisse","https:\/\/x.com\/AddictionSuisse","https:\/\/www.linkedin.com\/company\/addiction-suisse\/","https:\/\/www.instagram.com\/addictionsuisse\/","https:\/\/www.youtube.com\/@Addiction_Suisse"]}]}},"_links":{"self":[{"href":"https:\/\/cleverclub.ch\/de\/wp-json\/wp\/v2\/pages\/808","targetHints":{"allow":["GET"]}}],"collection":[{"href":"https:\/\/cleverclub.ch\/de\/wp-json\/wp\/v2\/pages"}],"about":[{"href":"https:\/\/cleverclub.ch\/de\/wp-json\/wp\/v2\/types\/page"}],"author":[{"embeddable":true,"href":"https:\/\/cleverclub.ch\/de\/wp-json\/wp\/v2\/users\/1"}],"replies":[{"embeddable":true,"href":"https:\/\/cleverclub.ch\/de\/wp-json\/wp\/v2\/comments?post=808"}],"version-history":[{"count":14,"href":"https:\/\/cleverclub.ch\/de\/wp-json\/wp\/v2\/pages\/808\/revisions"}],"predecessor-version":[{"id":1423,"href":"https:\/\/cleverclub.ch\/de\/wp-json\/wp\/v2\/pages\/808\/revisions\/1423"}],"up":[{"embeddable":true,"href":"https:\/\/cleverclub.ch\/de\/wp-json\/wp\/v2\/pages\/911"}],"wp:attachment":[{"href":"https:\/\/cleverclub.ch\/de\/wp-json\/wp\/v2\/media?parent=808"}],"curies":[{"name":"wp","href":"https:\/\/api.w.org\/{rel}","templated":true}]}}