{"id":799,"date":"2020-07-13T10:25:08","date_gmt":"2020-07-13T08:25:08","guid":{"rendered":"https:\/\/dev.cleverclub.ch\/das-alte-haus\/"},"modified":"2022-11-28T23:03:09","modified_gmt":"2022-11-28T22:03:09","slug":"2-das-alte-haus","status":"publish","type":"page","link":"https:\/\/cleverclub.ch\/de\/hoergeschichten\/2-das-alte-haus\/","title":{"rendered":"Das alte Haus"},"content":{"rendered":"<p>[et_pb_section fb_built=&#8221;1&#8243; _builder_version=&#8221;4.16&#8243; background_enable_image=&#8221;off&#8221; background_size=&#8221;contain&#8221; background_position=&#8221;bottom_right&#8221; custom_margin=&#8221;||||false|false&#8221; custom_padding=&#8221;35px||40px||false|false&#8221; global_colors_info=&#8221;{}&#8221;][et_pb_row column_structure=&#8221;3_5,2_5&#8243; _builder_version=&#8221;4.16&#8243; background_color=&#8221;rgba(0,0,0,0)&#8221; background_enable_image=&#8221;off&#8221; custom_margin=&#8221;||||false|false&#8221; custom_padding=&#8221;||||false|false&#8221; global_colors_info=&#8221;{}&#8221;][et_pb_column type=&#8221;3_5&#8243; _builder_version=&#8221;4.16&#8243; global_colors_info=&#8221;{}&#8221;][et_pb_text _builder_version=&#8221;4.16&#8243; global_colors_info=&#8221;{}&#8221;]<\/p>\n<h1>2. Das alte Haus [4&#8217;30]<\/h1>\n<p>Wenn Freunde dabei sind, getraut man sich eher etwas zu tun, was man allein nicht tun w\u00fcrde. Freunde k\u00f6nnen einem Mut machen, sie k\u00f6nnen einen aber auch zu etwas dr\u00e4ngen, das man nicht tun will.[\/et_pb_text][\/et_pb_column][et_pb_column type=&#8221;2_5&#8243; _builder_version=&#8221;4.16&#8243; background_color=&#8221;rgba(0,0,0,0)&#8221; background_enable_image=&#8221;off&#8221; global_colors_info=&#8221;{}&#8221;][\/et_pb_column][\/et_pb_row][et_pb_row column_structure=&#8221;1_3,1_3,1_3&#8243; _builder_version=&#8221;4.16&#8243; global_colors_info=&#8221;{}&#8221;][et_pb_column type=&#8221;1_3&#8243; _builder_version=&#8221;4.16&#8243; global_colors_info=&#8221;{}&#8221;][et_pb_audio audio=&#8221;https:\/\/cleverclub.ch\/wp-content\/uploads\/2020\/07\/02_Clever_Club_Das_alte_Haus.mp3&#8243; _builder_version=&#8221;4.16&#8243; background_color=&#8221;rgba(0,0,0,0.03)&#8221; text_orientation=&#8221;left&#8221; background_layout=&#8221;light&#8221; custom_margin=&#8221;||||false|true&#8221; custom_padding=&#8221;10px||10px||false|false&#8221; border_radii=&#8221;on|5px|5px|5px|5px&#8221; global_colors_info=&#8221;{}&#8221;][\/et_pb_audio][\/et_pb_column][et_pb_column type=&#8221;1_3&#8243; _builder_version=&#8221;4.16&#8243; global_colors_info=&#8221;{}&#8221;][et_pb_button button_url=&#8221;https:\/\/cleverclub.ch\/wp-content\/uploads\/2020\/07\/02_Clever_Club_Das_alte_Haus.mp3&#8243; url_new_window=&#8221;on&#8221; button_text=&#8221;Herunterladen&#8221; module_class=&#8221;download-button&#8221; _builder_version=&#8221;4.16&#8243; custom_button=&#8221;on&#8221; button_text_size=&#8221;15px&#8221; button_font=&#8221;|700|||||||&#8221; button_icon=&#8221;&#xe092;||divi||400&#8243; button_icon_placement=&#8221;left&#8221; button_on_hover=&#8221;off&#8221; custom_margin=&#8221;||||false|false&#8221; custom_padding=&#8221;|||30px|false|false&#8221; global_colors_info=&#8221;{}&#8221;][\/et_pb_button][\/et_pb_column][et_pb_column type=&#8221;1_3&#8243; _builder_version=&#8221;4.16&#8243; global_colors_info=&#8221;{}&#8221;][\/et_pb_column][\/et_pb_row][\/et_pb_section][et_pb_section fb_built=&#8221;1&#8243; _builder_version=&#8221;4.16&#8243; background_color=&#8221;rgba(154,158,159,0.1)&#8221; background_image=&#8221;https:\/\/cleverclub.ch\/wp-content\/uploads\/2020\/07\/top.png&#8221; background_size=&#8221;initial&#8221; background_position=&#8221;bottom_right&#8221; custom_margin=&#8221;||||true|false&#8221; custom_padding=&#8221;10px||10px||true|false&#8221; background_last_edited=&#8221;on|phone&#8221; background_image_tablet=&#8221;https:\/\/cleverclub.ch\/wp-content\/uploads\/2020\/07\/top.png&#8221; background_image_phone=&#8221;https:\/\/cleverclub.ch\/wp-content\/uploads\/2020\/07\/ten-mobile.png&#8221; background_enable_image_tablet=&#8221;on&#8221; background_enable_image_phone=&#8221;on&#8221; background_size_phone=&#8221;contain&#8221; global_colors_info=&#8221;{}&#8221; title_text_phone=&#8221;ten-mobile&#8221; title_text_tablet=&#8221;top&#8221;][et_pb_row column_structure=&#8221;2_3,1_3&#8243; _builder_version=&#8221;4.16&#8243; global_colors_info=&#8221;{}&#8221;][et_pb_column type=&#8221;2_3&#8243; _builder_version=&#8221;4.16&#8243; global_colors_info=&#8221;{}&#8221;][et_pb_text _builder_version=&#8221;4.19.1&#8243; custom_margin=&#8221;10px||||false|false&#8221; hover_enabled=&#8221;0&#8243; global_colors_info=&#8221;{}&#8221; sticky_enabled=&#8221;0&#8243;]<\/p>\n<h2>Themenschwerpunkte<\/h2>\n<p>\u2013 Freundschaft <br \/>\u2013 Einander Mut machen oder andere zu etwas dr\u00e4ngen<\/p>\n<p>[\/et_pb_text][et_pb_text _builder_version=&#8221;4.16&#8243; global_colors_info=&#8221;{}&#8221;]<\/p>\n<h2>Vorschl\u00e4ge zur Anregung eines Kreisgespr\u00e4chs<\/h2>\n<p>\u2013 Sofia f\u00fcrchtet sich im Haus vor der Dunkelheit. H\u00e4ttet ihr euch getraut, in das alte Haus zu gehen? \u2013 Warum ist Sofia trotzdem ins Haus gegangen? \u2013 Was sind die Vorteile, wenn man etwas mit der Gruppe macht? \u2013 Was sind die Nachteile, wenn die Gruppe einen zu etwas dr\u00e4ngt? \u2013 Gibt es etwas, wovor ihr Angst hattet und das ihr wegen den anderen doch gemacht habt? \u2013 Wie habt ihr euch danach gef\u00fchlt? Wart ihr froh, dass ihr eure Angst \u00fcberwunden habt, oder habt ihr es nachher bereut? \u2013 Warum will Tabeas Mutter nicht, dass ihre Tochter in das alte Haus geht? \u2013 Was ist spannend an einem alten Haus? Was kann Angst machen? Welche Gefahren bestehen?<\/p>\n<p>[\/et_pb_text][et_pb_text _builder_version=&#8221;4.16&#8243; link_font=&#8221;||||on||||&#8221; link_text_color=&#8221;#00a1b1&#8243; custom_margin=&#8221;||||false|false&#8221; global_colors_info=&#8221;{}&#8221;]<\/p>\n<h2>Spiele<\/h2>\n<p><a href=\"https:\/\/cleverclub.ch\/wp-content\/uploads\/2020\/07\/CC-BUTTERWIEGEN.pdf\" target=\"_blank\" rel=\"noopener noreferrer\">Butterwiegen<\/a><br \/>\n<a href=\"https:\/\/cleverclub.ch\/wp-content\/uploads\/2020\/07\/CC-WOLKENSPIEL.pdf\" target=\"_blank\" rel=\"noopener noreferrer\">Wolkenspiel<\/a>[\/et_pb_text][et_pb_text _builder_version=&#8221;4.19.1&#8243; link_font=&#8221;||||on||||&#8221; link_text_color=&#8221;#00a1b1&#8243; custom_margin=&#8221;||||false|false&#8221; hover_enabled=&#8221;0&#8243; global_colors_info=&#8221;{}&#8221; custom_padding=&#8221;||30px||false|false&#8221; sticky_enabled=&#8221;0&#8243;]<\/p>\n<h2>Vorschl\u00e4ge zu Videos<\/h2>\n<p>\u2013 <a href=\"https:\/\/www.youtube.com\/watch?v=nGtGt_RrMJc\" target=\"_blank\" rel=\"noopener noreferrer\">Freundschaft<\/a><br \/>\u2013 <a href=\"https:\/\/youtu.be\/RVgf_PeKgpI\" target=\"_blank\" rel=\"noopener\">Schneemann<\/a><br \/>\u2013 <a href=\"https:\/\/www.youtube.com\/watch?v=rvvRz7N5Vgw\" target=\"_blank\" rel=\"noopener\">Was denkst du \u00fcber Freundschaft<\/a><\/p>\n<p>[\/et_pb_text][\/et_pb_column][et_pb_column type=&#8221;1_3&#8243; _builder_version=&#8221;4.16&#8243; global_colors_info=&#8221;{}&#8221;][\/et_pb_column][\/et_pb_row][\/et_pb_section]<\/p>\n","protected":false},"excerpt":{"rendered":"<p>2. Das alte Haus [4&#8217;30] Wenn Freunde dabei sind, getraut man sich eher etwas zu tun, was man allein nicht tun w\u00fcrde. Freunde k\u00f6nnen einem Mut machen, sie k\u00f6nnen einen aber auch zu etwas dr\u00e4ngen, das man nicht tun will.Themenschwerpunkte \u2013 Freundschaft \u2013 Einander Mut machen oder andere zu etwas dr\u00e4ngenVorschl\u00e4ge zur Anregung eines Kreisgespr\u00e4chs [&hellip;]<\/p>\n","protected":false},"author":1,"featured_media":0,"parent":911,"menu_order":0,"comment_status":"closed","ping_status":"closed","template":"","meta":{"_et_pb_use_builder":"on","_et_pb_old_content":"","_et_gb_content_width":"","inline_featured_image":false,"footnotes":""},"class_list":["post-799","page","type-page","status-publish","hentry"],"yoast_head":"<!-- This site is optimized with the Yoast SEO plugin v27.2 - https:\/\/yoast.com\/product\/yoast-seo-wordpress\/ -->\n<title>Das alte Haus - Clever Club<\/title>\n<meta name=\"robots\" content=\"index, follow, max-snippet:-1, max-image-preview:large, max-video-preview:-1\" \/>\n<link rel=\"canonical\" href=\"https:\/\/cleverclub.ch\/de\/hoergeschichten\/2-das-alte-haus\/\" \/>\n<meta property=\"og:locale\" content=\"de_DE\" \/>\n<meta property=\"og:type\" content=\"article\" \/>\n<meta property=\"og:title\" content=\"Das alte Haus - Clever Club\" \/>\n<meta property=\"og:description\" content=\"2. Das alte Haus [4&#039;30] Wenn Freunde dabei sind, getraut man sich eher etwas zu tun, was man allein nicht tun w\u00fcrde. Freunde k\u00f6nnen einem Mut machen, sie k\u00f6nnen einen aber auch zu etwas dr\u00e4ngen, das man nicht tun will.Themenschwerpunkte \u2013 Freundschaft \u2013 Einander Mut machen oder andere zu etwas dr\u00e4ngenVorschl\u00e4ge zur Anregung eines Kreisgespr\u00e4chs [&hellip;]\" \/>\n<meta property=\"og:url\" content=\"https:\/\/cleverclub.ch\/de\/hoergeschichten\/2-das-alte-haus\/\" \/>\n<meta property=\"og:site_name\" content=\"Clever Club\" \/>\n<meta property=\"article:publisher\" content=\"https:\/\/www.facebook.com\/AddictionSuisse\" \/>\n<meta property=\"article:modified_time\" content=\"2022-11-28T22:03:09+00:00\" \/>\n<meta name=\"twitter:card\" content=\"summary_large_image\" \/>\n<meta name=\"twitter:site\" content=\"@AddictionSuisse\" \/>\n<meta name=\"twitter:label1\" content=\"Gesch\u00e4tzte Lesezeit\" \/>\n\t<meta name=\"twitter:data1\" content=\"3\u00a0Minuten\" \/>\n<script type=\"application\/ld+json\" class=\"yoast-schema-graph\">{\"@context\":\"https:\/\/schema.org\",\"@graph\":[{\"@type\":\"WebPage\",\"@id\":\"https:\/\/cleverclub.ch\/de\/hoergeschichten\/2-das-alte-haus\/\",\"url\":\"https:\/\/cleverclub.ch\/de\/hoergeschichten\/2-das-alte-haus\/\",\"name\":\"Das alte Haus - Clever Club\",\"isPartOf\":{\"@id\":\"https:\/\/cleverclub.ch\/de\/#website\"},\"datePublished\":\"2020-07-13T08:25:08+00:00\",\"dateModified\":\"2022-11-28T22:03:09+00:00\",\"breadcrumb\":{\"@id\":\"https:\/\/cleverclub.ch\/de\/hoergeschichten\/2-das-alte-haus\/#breadcrumb\"},\"inLanguage\":\"de\",\"potentialAction\":[{\"@type\":\"ReadAction\",\"target\":[\"https:\/\/cleverclub.ch\/de\/hoergeschichten\/2-das-alte-haus\/\"]}]},{\"@type\":\"BreadcrumbList\",\"@id\":\"https:\/\/cleverclub.ch\/de\/hoergeschichten\/2-das-alte-haus\/#breadcrumb\",\"itemListElement\":[{\"@type\":\"ListItem\",\"position\":1,\"name\":\"Home\",\"item\":\"https:\/\/cleverclub.ch\/de\/\"},{\"@type\":\"ListItem\",\"position\":2,\"name\":\"Themen und Geschichten\",\"item\":\"https:\/\/cleverclub.ch\/de\/hoergeschichten\/\"},{\"@type\":\"ListItem\",\"position\":3,\"name\":\"Das alte Haus\"}]},{\"@type\":\"WebSite\",\"@id\":\"https:\/\/cleverclub.ch\/de\/#website\",\"url\":\"https:\/\/cleverclub.ch\/de\/\",\"name\":\"Clever Club\",\"description\":\"Lebenskompetenzen von 7- bis 12-J\u00e4hrigen f\u00f6rdern\",\"publisher\":{\"@id\":\"https:\/\/cleverclub.ch\/de\/#organization\"},\"potentialAction\":[{\"@type\":\"SearchAction\",\"target\":{\"@type\":\"EntryPoint\",\"urlTemplate\":\"https:\/\/cleverclub.ch\/de\/?s={search_term_string}\"},\"query-input\":{\"@type\":\"PropertyValueSpecification\",\"valueRequired\":true,\"valueName\":\"search_term_string\"}}],\"inLanguage\":\"de\"},{\"@type\":\"Organization\",\"@id\":\"https:\/\/cleverclub.ch\/de\/#organization\",\"name\":\"Clever Club\",\"url\":\"https:\/\/cleverclub.ch\/de\/\",\"logo\":{\"@type\":\"ImageObject\",\"inLanguage\":\"de\",\"@id\":\"https:\/\/cleverclub.ch\/de\/#\/schema\/logo\/image\/\",\"url\":\"https:\/\/cleverclub.ch\/wp-content\/uploads\/2024\/06\/cleverclub.png\",\"contentUrl\":\"https:\/\/cleverclub.ch\/wp-content\/uploads\/2024\/06\/cleverclub.png\",\"width\":379,\"height\":187,\"caption\":\"Clever Club\"},\"image\":{\"@id\":\"https:\/\/cleverclub.ch\/de\/#\/schema\/logo\/image\/\"},\"sameAs\":[\"https:\/\/www.facebook.com\/AddictionSuisse\",\"https:\/\/x.com\/AddictionSuisse\",\"https:\/\/www.linkedin.com\/company\/addiction-suisse\/\",\"https:\/\/www.instagram.com\/addictionsuisse\/\",\"https:\/\/www.youtube.com\/@Addiction_Suisse\"]}]}<\/script>\n<!-- \/ Yoast SEO plugin. -->","yoast_head_json":{"title":"Das alte Haus - Clever Club","robots":{"index":"index","follow":"follow","max-snippet":"max-snippet:-1","max-image-preview":"max-image-preview:large","max-video-preview":"max-video-preview:-1"},"canonical":"https:\/\/cleverclub.ch\/de\/hoergeschichten\/2-das-alte-haus\/","og_locale":"de_DE","og_type":"article","og_title":"Das alte Haus - Clever Club","og_description":"2. Das alte Haus [4'30] Wenn Freunde dabei sind, getraut man sich eher etwas zu tun, was man allein nicht tun w\u00fcrde. Freunde k\u00f6nnen einem Mut machen, sie k\u00f6nnen einen aber auch zu etwas dr\u00e4ngen, das man nicht tun will.Themenschwerpunkte \u2013 Freundschaft \u2013 Einander Mut machen oder andere zu etwas dr\u00e4ngenVorschl\u00e4ge zur Anregung eines Kreisgespr\u00e4chs [&hellip;]","og_url":"https:\/\/cleverclub.ch\/de\/hoergeschichten\/2-das-alte-haus\/","og_site_name":"Clever Club","article_publisher":"https:\/\/www.facebook.com\/AddictionSuisse","article_modified_time":"2022-11-28T22:03:09+00:00","twitter_card":"summary_large_image","twitter_site":"@AddictionSuisse","twitter_misc":{"Gesch\u00e4tzte Lesezeit":"3\u00a0Minuten"},"schema":{"@context":"https:\/\/schema.org","@graph":[{"@type":"WebPage","@id":"https:\/\/cleverclub.ch\/de\/hoergeschichten\/2-das-alte-haus\/","url":"https:\/\/cleverclub.ch\/de\/hoergeschichten\/2-das-alte-haus\/","name":"Das alte Haus - Clever Club","isPartOf":{"@id":"https:\/\/cleverclub.ch\/de\/#website"},"datePublished":"2020-07-13T08:25:08+00:00","dateModified":"2022-11-28T22:03:09+00:00","breadcrumb":{"@id":"https:\/\/cleverclub.ch\/de\/hoergeschichten\/2-das-alte-haus\/#breadcrumb"},"inLanguage":"de","potentialAction":[{"@type":"ReadAction","target":["https:\/\/cleverclub.ch\/de\/hoergeschichten\/2-das-alte-haus\/"]}]},{"@type":"BreadcrumbList","@id":"https:\/\/cleverclub.ch\/de\/hoergeschichten\/2-das-alte-haus\/#breadcrumb","itemListElement":[{"@type":"ListItem","position":1,"name":"Home","item":"https:\/\/cleverclub.ch\/de\/"},{"@type":"ListItem","position":2,"name":"Themen und Geschichten","item":"https:\/\/cleverclub.ch\/de\/hoergeschichten\/"},{"@type":"ListItem","position":3,"name":"Das alte Haus"}]},{"@type":"WebSite","@id":"https:\/\/cleverclub.ch\/de\/#website","url":"https:\/\/cleverclub.ch\/de\/","name":"Clever Club","description":"Lebenskompetenzen von 7- bis 12-J\u00e4hrigen f\u00f6rdern","publisher":{"@id":"https:\/\/cleverclub.ch\/de\/#organization"},"potentialAction":[{"@type":"SearchAction","target":{"@type":"EntryPoint","urlTemplate":"https:\/\/cleverclub.ch\/de\/?s={search_term_string}"},"query-input":{"@type":"PropertyValueSpecification","valueRequired":true,"valueName":"search_term_string"}}],"inLanguage":"de"},{"@type":"Organization","@id":"https:\/\/cleverclub.ch\/de\/#organization","name":"Clever Club","url":"https:\/\/cleverclub.ch\/de\/","logo":{"@type":"ImageObject","inLanguage":"de","@id":"https:\/\/cleverclub.ch\/de\/#\/schema\/logo\/image\/","url":"https:\/\/cleverclub.ch\/wp-content\/uploads\/2024\/06\/cleverclub.png","contentUrl":"https:\/\/cleverclub.ch\/wp-content\/uploads\/2024\/06\/cleverclub.png","width":379,"height":187,"caption":"Clever Club"},"image":{"@id":"https:\/\/cleverclub.ch\/de\/#\/schema\/logo\/image\/"},"sameAs":["https:\/\/www.facebook.com\/AddictionSuisse","https:\/\/x.com\/AddictionSuisse","https:\/\/www.linkedin.com\/company\/addiction-suisse\/","https:\/\/www.instagram.com\/addictionsuisse\/","https:\/\/www.youtube.com\/@Addiction_Suisse"]}]}},"_links":{"self":[{"href":"https:\/\/cleverclub.ch\/de\/wp-json\/wp\/v2\/pages\/799","targetHints":{"allow":["GET"]}}],"collection":[{"href":"https:\/\/cleverclub.ch\/de\/wp-json\/wp\/v2\/pages"}],"about":[{"href":"https:\/\/cleverclub.ch\/de\/wp-json\/wp\/v2\/types\/page"}],"author":[{"embeddable":true,"href":"https:\/\/cleverclub.ch\/de\/wp-json\/wp\/v2\/users\/1"}],"replies":[{"embeddable":true,"href":"https:\/\/cleverclub.ch\/de\/wp-json\/wp\/v2\/comments?post=799"}],"version-history":[{"count":17,"href":"https:\/\/cleverclub.ch\/de\/wp-json\/wp\/v2\/pages\/799\/revisions"}],"predecessor-version":[{"id":1421,"href":"https:\/\/cleverclub.ch\/de\/wp-json\/wp\/v2\/pages\/799\/revisions\/1421"}],"up":[{"embeddable":true,"href":"https:\/\/cleverclub.ch\/de\/wp-json\/wp\/v2\/pages\/911"}],"wp:attachment":[{"href":"https:\/\/cleverclub.ch\/de\/wp-json\/wp\/v2\/media?parent=799"}],"curies":[{"name":"wp","href":"https:\/\/api.w.org\/{rel}","templated":true}]}}