{"id":796,"date":"2020-07-13T10:19:44","date_gmt":"2020-07-13T08:19:44","guid":{"rendered":"https:\/\/dev.cleverclub.ch\/ich-du-und-wir\/"},"modified":"2022-11-28T23:01:53","modified_gmt":"2022-11-28T22:01:53","slug":"1-ich-du-und-wir","status":"publish","type":"page","link":"https:\/\/cleverclub.ch\/de\/hoergeschichten\/1-ich-du-und-wir\/","title":{"rendered":"Ich, du und wir"},"content":{"rendered":"<p>[et_pb_section fb_built=&#8221;1&#8243; _builder_version=&#8221;4.16&#8243; background_enable_image=&#8221;off&#8221; background_size=&#8221;contain&#8221; background_position=&#8221;bottom_right&#8221; custom_margin=&#8221;||||false|false&#8221; custom_padding=&#8221;35px||40px||false|false&#8221; global_colors_info=&#8221;{}&#8221;][et_pb_row column_structure=&#8221;3_5,2_5&#8243; _builder_version=&#8221;4.16&#8243; background_color=&#8221;rgba(0,0,0,0)&#8221; background_enable_image=&#8221;off&#8221; custom_margin=&#8221;||||false|false&#8221; custom_padding=&#8221;||||false|false&#8221; global_colors_info=&#8221;{}&#8221;][et_pb_column type=&#8221;3_5&#8243; _builder_version=&#8221;4.16&#8243; global_colors_info=&#8221;{}&#8221;][et_pb_text _builder_version=&#8221;4.16&#8243; global_colors_info=&#8221;{}&#8221;]<\/p>\n<h1>1. Ich, du und wir [5&#8217;53]<\/h1>\n<p>Jede\/r hat individuelle F\u00e4higkeiten. Es ist wichtig, dass sich Kinder ihrer eigenen Ressourcen und F\u00e4higkeiten bewusst werden und f\u00fcr diese einstehen k\u00f6nnen.[\/et_pb_text][\/et_pb_column][et_pb_column type=&#8221;2_5&#8243; _builder_version=&#8221;4.16&#8243; background_color=&#8221;rgba(0,0,0,0)&#8221; background_enable_image=&#8221;off&#8221; global_colors_info=&#8221;{}&#8221;][\/et_pb_column][\/et_pb_row][et_pb_row column_structure=&#8221;1_3,1_3,1_3&#8243; _builder_version=&#8221;4.16&#8243; global_colors_info=&#8221;{}&#8221;][et_pb_column type=&#8221;1_3&#8243; _builder_version=&#8221;4.16&#8243; global_colors_info=&#8221;{}&#8221;][et_pb_audio audio=&#8221;https:\/\/cleverclub.ch\/wp-content\/uploads\/2020\/07\/01_Clever_Club_Ich_du_und_wir.mp3&#8243; _builder_version=&#8221;4.16&#8243; background_color=&#8221;rgba(0,0,0,0.03)&#8221; text_orientation=&#8221;left&#8221; background_layout=&#8221;light&#8221; custom_margin=&#8221;||||false|true&#8221; custom_padding=&#8221;10px||10px||false|false&#8221; border_radii=&#8221;on|5px|5px|5px|5px&#8221; global_colors_info=&#8221;{}&#8221;][\/et_pb_audio][\/et_pb_column][et_pb_column type=&#8221;1_3&#8243; _builder_version=&#8221;4.16&#8243; global_colors_info=&#8221;{}&#8221;][et_pb_button button_url=&#8221;https:\/\/cleverclub.ch\/wp-content\/uploads\/2020\/07\/01_Clever_Club_Ich_du_und_wir.mp3&#8243; url_new_window=&#8221;on&#8221; button_text=&#8221;Herunterladen&#8221; module_class=&#8221;download-button&#8221; _builder_version=&#8221;4.16&#8243; custom_button=&#8221;on&#8221; button_text_size=&#8221;15px&#8221; button_font=&#8221;|700|||||||&#8221; button_icon=&#8221;&#xe092;||divi||400&#8243; button_icon_placement=&#8221;left&#8221; button_on_hover=&#8221;off&#8221; custom_margin=&#8221;||||false|false&#8221; custom_padding=&#8221;|||30px|false|false&#8221; global_colors_info=&#8221;{}&#8221;][\/et_pb_button][\/et_pb_column][et_pb_column type=&#8221;1_3&#8243; _builder_version=&#8221;4.16&#8243; global_colors_info=&#8221;{}&#8221;][\/et_pb_column][\/et_pb_row][\/et_pb_section][et_pb_section fb_built=&#8221;1&#8243; _builder_version=&#8221;4.16&#8243; background_color=&#8221;rgba(154,158,159,0.1)&#8221; background_image=&#8221;https:\/\/cleverclub.ch\/wp-content\/uploads\/2020\/07\/sask-clever.png&#8221; background_size=&#8221;initial&#8221; background_position=&#8221;bottom_right&#8221; custom_margin=&#8221;||||true|false&#8221; custom_padding=&#8221;10px||10px||true|false&#8221; background_last_edited=&#8221;on|phone&#8221; background_image_tablet=&#8221;https:\/\/cleverclub.ch\/wp-content\/uploads\/2020\/07\/clever.png&#8221; background_image_phone=&#8221;https:\/\/cleverclub.ch\/wp-content\/uploads\/2020\/07\/clever.png&#8221; background_enable_image_tablet=&#8221;on&#8221; background_enable_image_phone=&#8221;on&#8221; background_size_phone=&#8221;contain&#8221; global_colors_info=&#8221;{}&#8221; title_text_phone=&#8221;clever&#8221; title_text_tablet=&#8221;clever&#8221;][et_pb_row column_structure=&#8221;2_3,1_3&#8243; _builder_version=&#8221;4.16&#8243; global_colors_info=&#8221;{}&#8221;][et_pb_column type=&#8221;2_3&#8243; _builder_version=&#8221;4.16&#8243; global_colors_info=&#8221;{}&#8221;][et_pb_text _builder_version=&#8221;4.16&#8243; custom_margin=&#8221;10px||||false|false&#8221; global_colors_info=&#8221;{}&#8221;]<\/p>\n<h2>Themenschwerpunkte<\/h2>\n<p>\u2013 F\u00e4higkeiten kennen<br \/>\n\u2013 Diskussionskompetenz<br \/>\n\u2013 Selbstwertgef\u00fchl[\/et_pb_text][et_pb_text _builder_version=&#8221;4.16&#8243; global_colors_info=&#8221;{}&#8221;]<\/p>\n<h2>Vorschl\u00e4ge zur Anregung eines Kreisgespr\u00e4chs<\/h2>\n<p>\u2013 Was sind eure Hobbies? Was k\u00f6nnt ihr besonders gut und was eher weniger? Woran merkt ihr, dass ihr etwas gut k\u00f6nnt?<br \/>\n\u2013 Ali sagt man muss einfach \u00fcben und Freude daran haben, dann klappt es. Seid ihr auch dieser Meinung?<br \/>\n\u2013 Gibt es andere Gr\u00fcnde warum man etwas gut kann?<br \/>\n\u2013 Was denkt ihr w\u00e4re passiert wenn Ali nicht eingegriffen h\u00e4tte?<br \/>\n\u2013 Hattet ihr auch schon solche Diskussionen mit Klassenkameraden\/Klassenkameradinnen?[\/et_pb_text][et_pb_text _builder_version=&#8221;4.16&#8243; link_font=&#8221;||||on||||&#8221; link_text_color=&#8221;#00a1b1&#8243; custom_margin=&#8221;||||false|false&#8221; global_colors_info=&#8221;{}&#8221;]<\/p>\n<h2>Spiele<\/h2>\n<p><a href=\"https:\/\/cleverclub.ch\/wp-content\/uploads\/2020\/07\/CC-CLEVER_CLUB-DE.pdf\" target=\"_blank\" rel=\"noopener noreferrer\">Clever Club<\/a><br \/>\n<a href=\"https:\/\/cleverclub.ch\/wp-content\/uploads\/2020\/07\/CC-LUFTBALLONTENNIS.pdf\" target=\"_blank\" rel=\"noopener noreferrer\">Luftballontennis<\/a><br \/>\n<a href=\"https:\/\/cleverclub.ch\/wp-content\/uploads\/2020\/07\/CC-WER_IST.pdf\" target=\"_blank\" rel=\"noopener noreferrer\">Wer ist denn das?<\/a>[\/et_pb_text][et_pb_text _builder_version=&#8221;4.19.1&#8243; link_font=&#8221;||||on||||&#8221; link_text_color=&#8221;#00a1b1&#8243; custom_margin=&#8221;||||false|false&#8221; hover_enabled=&#8221;0&#8243; global_colors_info=&#8221;{}&#8221; custom_padding=&#8221;||30px||false|false&#8221; custom_padding_last_edited=&#8221;on|tablet&#8221; sticky_enabled=&#8221;0&#8243; custom_padding_tablet=&#8221;||||false|false&#8221; custom_padding_phone=&#8221;||||false|false&#8221;]<\/p>\n<h2>Vorschl\u00e4ge zu Videos<\/h2>\n<p>\u2013 <a href=\"https:\/\/youtu.be\/jk0PUtuAyqk\" target=\"_blank\" rel=\"noopener\">Leistungsdruck<\/a> (bis 6.23)<\/p>\n<p>11-12 Jahre<br \/>\u2013 <a href=\"https:\/\/youtu.be\/SfF1Of8h92A\" target=\"_blank\" rel=\"noopener\">Sag mir, wer dich beeinflusst (und ich sage dir, wer du bist)<\/a>\u00a0<\/p>\n<p>[\/et_pb_text][\/et_pb_column][et_pb_column type=&#8221;1_3&#8243; _builder_version=&#8221;4.16&#8243; global_colors_info=&#8221;{}&#8221;][\/et_pb_column][\/et_pb_row][\/et_pb_section]<\/p>\n","protected":false},"excerpt":{"rendered":"<p>1. Ich, du und wir [5&#8217;53] Jede\/r hat individuelle F\u00e4higkeiten. Es ist wichtig, dass sich Kinder ihrer eigenen Ressourcen und F\u00e4higkeiten bewusst werden und f\u00fcr diese einstehen k\u00f6nnen.Themenschwerpunkte \u2013 F\u00e4higkeiten kennen \u2013 Diskussionskompetenz \u2013 Selbstwertgef\u00fchlVorschl\u00e4ge zur Anregung eines Kreisgespr\u00e4chs \u2013 Was sind eure Hobbies? Was k\u00f6nnt ihr besonders gut und was eher weniger? Woran merkt [&hellip;]<\/p>\n","protected":false},"author":1,"featured_media":0,"parent":911,"menu_order":0,"comment_status":"closed","ping_status":"closed","template":"","meta":{"_et_pb_use_builder":"on","_et_pb_old_content":"","_et_gb_content_width":"","inline_featured_image":false,"footnotes":""},"class_list":["post-796","page","type-page","status-publish","hentry"],"yoast_head":"<!-- This site is optimized with the Yoast SEO plugin v27.2 - https:\/\/yoast.com\/product\/yoast-seo-wordpress\/ -->\n<title>Ich, du und wir - Clever Club<\/title>\n<meta name=\"robots\" content=\"index, follow, max-snippet:-1, max-image-preview:large, max-video-preview:-1\" \/>\n<link rel=\"canonical\" href=\"https:\/\/cleverclub.ch\/de\/hoergeschichten\/1-ich-du-und-wir\/\" \/>\n<meta property=\"og:locale\" content=\"de_DE\" \/>\n<meta property=\"og:type\" content=\"article\" \/>\n<meta property=\"og:title\" content=\"Ich, du und wir - Clever Club\" \/>\n<meta property=\"og:description\" content=\"1. Ich, du und wir [5&#039;53] Jede\/r hat individuelle F\u00e4higkeiten. Es ist wichtig, dass sich Kinder ihrer eigenen Ressourcen und F\u00e4higkeiten bewusst werden und f\u00fcr diese einstehen k\u00f6nnen.Themenschwerpunkte \u2013 F\u00e4higkeiten kennen \u2013 Diskussionskompetenz \u2013 Selbstwertgef\u00fchlVorschl\u00e4ge zur Anregung eines Kreisgespr\u00e4chs \u2013 Was sind eure Hobbies? Was k\u00f6nnt ihr besonders gut und was eher weniger? Woran merkt [&hellip;]\" \/>\n<meta property=\"og:url\" content=\"https:\/\/cleverclub.ch\/de\/hoergeschichten\/1-ich-du-und-wir\/\" \/>\n<meta property=\"og:site_name\" content=\"Clever Club\" \/>\n<meta property=\"article:publisher\" content=\"https:\/\/www.facebook.com\/AddictionSuisse\" \/>\n<meta property=\"article:modified_time\" content=\"2022-11-28T22:01:53+00:00\" \/>\n<meta name=\"twitter:card\" content=\"summary_large_image\" \/>\n<meta name=\"twitter:site\" content=\"@AddictionSuisse\" \/>\n<meta name=\"twitter:label1\" content=\"Gesch\u00e4tzte Lesezeit\" \/>\n\t<meta name=\"twitter:data1\" content=\"3\u00a0Minuten\" \/>\n<script type=\"application\/ld+json\" class=\"yoast-schema-graph\">{\"@context\":\"https:\/\/schema.org\",\"@graph\":[{\"@type\":\"WebPage\",\"@id\":\"https:\/\/cleverclub.ch\/de\/hoergeschichten\/1-ich-du-und-wir\/\",\"url\":\"https:\/\/cleverclub.ch\/de\/hoergeschichten\/1-ich-du-und-wir\/\",\"name\":\"Ich, du und wir - Clever Club\",\"isPartOf\":{\"@id\":\"https:\/\/cleverclub.ch\/de\/#website\"},\"datePublished\":\"2020-07-13T08:19:44+00:00\",\"dateModified\":\"2022-11-28T22:01:53+00:00\",\"breadcrumb\":{\"@id\":\"https:\/\/cleverclub.ch\/de\/hoergeschichten\/1-ich-du-und-wir\/#breadcrumb\"},\"inLanguage\":\"de\",\"potentialAction\":[{\"@type\":\"ReadAction\",\"target\":[\"https:\/\/cleverclub.ch\/de\/hoergeschichten\/1-ich-du-und-wir\/\"]}]},{\"@type\":\"BreadcrumbList\",\"@id\":\"https:\/\/cleverclub.ch\/de\/hoergeschichten\/1-ich-du-und-wir\/#breadcrumb\",\"itemListElement\":[{\"@type\":\"ListItem\",\"position\":1,\"name\":\"Home\",\"item\":\"https:\/\/cleverclub.ch\/de\/\"},{\"@type\":\"ListItem\",\"position\":2,\"name\":\"Themen und Geschichten\",\"item\":\"https:\/\/cleverclub.ch\/de\/hoergeschichten\/\"},{\"@type\":\"ListItem\",\"position\":3,\"name\":\"Ich, du und wir\"}]},{\"@type\":\"WebSite\",\"@id\":\"https:\/\/cleverclub.ch\/de\/#website\",\"url\":\"https:\/\/cleverclub.ch\/de\/\",\"name\":\"Clever Club\",\"description\":\"Lebenskompetenzen von 7- bis 12-J\u00e4hrigen f\u00f6rdern\",\"publisher\":{\"@id\":\"https:\/\/cleverclub.ch\/de\/#organization\"},\"potentialAction\":[{\"@type\":\"SearchAction\",\"target\":{\"@type\":\"EntryPoint\",\"urlTemplate\":\"https:\/\/cleverclub.ch\/de\/?s={search_term_string}\"},\"query-input\":{\"@type\":\"PropertyValueSpecification\",\"valueRequired\":true,\"valueName\":\"search_term_string\"}}],\"inLanguage\":\"de\"},{\"@type\":\"Organization\",\"@id\":\"https:\/\/cleverclub.ch\/de\/#organization\",\"name\":\"Clever Club\",\"url\":\"https:\/\/cleverclub.ch\/de\/\",\"logo\":{\"@type\":\"ImageObject\",\"inLanguage\":\"de\",\"@id\":\"https:\/\/cleverclub.ch\/de\/#\/schema\/logo\/image\/\",\"url\":\"https:\/\/cleverclub.ch\/wp-content\/uploads\/2024\/06\/cleverclub.png\",\"contentUrl\":\"https:\/\/cleverclub.ch\/wp-content\/uploads\/2024\/06\/cleverclub.png\",\"width\":379,\"height\":187,\"caption\":\"Clever Club\"},\"image\":{\"@id\":\"https:\/\/cleverclub.ch\/de\/#\/schema\/logo\/image\/\"},\"sameAs\":[\"https:\/\/www.facebook.com\/AddictionSuisse\",\"https:\/\/x.com\/AddictionSuisse\",\"https:\/\/www.linkedin.com\/company\/addiction-suisse\/\",\"https:\/\/www.instagram.com\/addictionsuisse\/\",\"https:\/\/www.youtube.com\/@Addiction_Suisse\"]}]}<\/script>\n<!-- \/ Yoast SEO plugin. -->","yoast_head_json":{"title":"Ich, du und wir - Clever Club","robots":{"index":"index","follow":"follow","max-snippet":"max-snippet:-1","max-image-preview":"max-image-preview:large","max-video-preview":"max-video-preview:-1"},"canonical":"https:\/\/cleverclub.ch\/de\/hoergeschichten\/1-ich-du-und-wir\/","og_locale":"de_DE","og_type":"article","og_title":"Ich, du und wir - Clever Club","og_description":"1. Ich, du und wir [5'53] Jede\/r hat individuelle F\u00e4higkeiten. Es ist wichtig, dass sich Kinder ihrer eigenen Ressourcen und F\u00e4higkeiten bewusst werden und f\u00fcr diese einstehen k\u00f6nnen.Themenschwerpunkte \u2013 F\u00e4higkeiten kennen \u2013 Diskussionskompetenz \u2013 Selbstwertgef\u00fchlVorschl\u00e4ge zur Anregung eines Kreisgespr\u00e4chs \u2013 Was sind eure Hobbies? Was k\u00f6nnt ihr besonders gut und was eher weniger? Woran merkt [&hellip;]","og_url":"https:\/\/cleverclub.ch\/de\/hoergeschichten\/1-ich-du-und-wir\/","og_site_name":"Clever Club","article_publisher":"https:\/\/www.facebook.com\/AddictionSuisse","article_modified_time":"2022-11-28T22:01:53+00:00","twitter_card":"summary_large_image","twitter_site":"@AddictionSuisse","twitter_misc":{"Gesch\u00e4tzte Lesezeit":"3\u00a0Minuten"},"schema":{"@context":"https:\/\/schema.org","@graph":[{"@type":"WebPage","@id":"https:\/\/cleverclub.ch\/de\/hoergeschichten\/1-ich-du-und-wir\/","url":"https:\/\/cleverclub.ch\/de\/hoergeschichten\/1-ich-du-und-wir\/","name":"Ich, du und wir - Clever Club","isPartOf":{"@id":"https:\/\/cleverclub.ch\/de\/#website"},"datePublished":"2020-07-13T08:19:44+00:00","dateModified":"2022-11-28T22:01:53+00:00","breadcrumb":{"@id":"https:\/\/cleverclub.ch\/de\/hoergeschichten\/1-ich-du-und-wir\/#breadcrumb"},"inLanguage":"de","potentialAction":[{"@type":"ReadAction","target":["https:\/\/cleverclub.ch\/de\/hoergeschichten\/1-ich-du-und-wir\/"]}]},{"@type":"BreadcrumbList","@id":"https:\/\/cleverclub.ch\/de\/hoergeschichten\/1-ich-du-und-wir\/#breadcrumb","itemListElement":[{"@type":"ListItem","position":1,"name":"Home","item":"https:\/\/cleverclub.ch\/de\/"},{"@type":"ListItem","position":2,"name":"Themen und Geschichten","item":"https:\/\/cleverclub.ch\/de\/hoergeschichten\/"},{"@type":"ListItem","position":3,"name":"Ich, du und wir"}]},{"@type":"WebSite","@id":"https:\/\/cleverclub.ch\/de\/#website","url":"https:\/\/cleverclub.ch\/de\/","name":"Clever Club","description":"Lebenskompetenzen von 7- bis 12-J\u00e4hrigen f\u00f6rdern","publisher":{"@id":"https:\/\/cleverclub.ch\/de\/#organization"},"potentialAction":[{"@type":"SearchAction","target":{"@type":"EntryPoint","urlTemplate":"https:\/\/cleverclub.ch\/de\/?s={search_term_string}"},"query-input":{"@type":"PropertyValueSpecification","valueRequired":true,"valueName":"search_term_string"}}],"inLanguage":"de"},{"@type":"Organization","@id":"https:\/\/cleverclub.ch\/de\/#organization","name":"Clever Club","url":"https:\/\/cleverclub.ch\/de\/","logo":{"@type":"ImageObject","inLanguage":"de","@id":"https:\/\/cleverclub.ch\/de\/#\/schema\/logo\/image\/","url":"https:\/\/cleverclub.ch\/wp-content\/uploads\/2024\/06\/cleverclub.png","contentUrl":"https:\/\/cleverclub.ch\/wp-content\/uploads\/2024\/06\/cleverclub.png","width":379,"height":187,"caption":"Clever Club"},"image":{"@id":"https:\/\/cleverclub.ch\/de\/#\/schema\/logo\/image\/"},"sameAs":["https:\/\/www.facebook.com\/AddictionSuisse","https:\/\/x.com\/AddictionSuisse","https:\/\/www.linkedin.com\/company\/addiction-suisse\/","https:\/\/www.instagram.com\/addictionsuisse\/","https:\/\/www.youtube.com\/@Addiction_Suisse"]}]}},"_links":{"self":[{"href":"https:\/\/cleverclub.ch\/de\/wp-json\/wp\/v2\/pages\/796","targetHints":{"allow":["GET"]}}],"collection":[{"href":"https:\/\/cleverclub.ch\/de\/wp-json\/wp\/v2\/pages"}],"about":[{"href":"https:\/\/cleverclub.ch\/de\/wp-json\/wp\/v2\/types\/page"}],"author":[{"embeddable":true,"href":"https:\/\/cleverclub.ch\/de\/wp-json\/wp\/v2\/users\/1"}],"replies":[{"embeddable":true,"href":"https:\/\/cleverclub.ch\/de\/wp-json\/wp\/v2\/comments?post=796"}],"version-history":[{"count":16,"href":"https:\/\/cleverclub.ch\/de\/wp-json\/wp\/v2\/pages\/796\/revisions"}],"predecessor-version":[{"id":1419,"href":"https:\/\/cleverclub.ch\/de\/wp-json\/wp\/v2\/pages\/796\/revisions\/1419"}],"up":[{"embeddable":true,"href":"https:\/\/cleverclub.ch\/de\/wp-json\/wp\/v2\/pages\/911"}],"wp:attachment":[{"href":"https:\/\/cleverclub.ch\/de\/wp-json\/wp\/v2\/media?parent=796"}],"curies":[{"name":"wp","href":"https:\/\/api.w.org\/{rel}","templated":true}]}}