{"id":753,"date":"2020-07-13T10:08:38","date_gmt":"2020-07-13T08:08:38","guid":{"rendered":"https:\/\/dev.cleverclub.ch\/faq\/"},"modified":"2025-05-15T14:15:16","modified_gmt":"2025-05-15T12:15:16","slug":"faq","status":"publish","type":"page","link":"https:\/\/cleverclub.ch\/de\/faq\/","title":{"rendered":"FAQ"},"content":{"rendered":"<p>[et_pb_section fb_built=&#8221;1&#8243; _builder_version=&#8221;4.16&#8243; background_enable_image=&#8221;off&#8221; background_size=&#8221;initial&#8221; background_position=&#8221;top_right&#8221; min_height=&#8221;500px&#8221; custom_padding=&#8221;35px||||false|false&#8221; global_colors_info=&#8221;{}&#8221;][et_pb_row column_structure=&#8221;3_4,1_4&#8243; _builder_version=&#8221;4.16&#8243; global_colors_info=&#8221;{}&#8221;][et_pb_column type=&#8221;3_4&#8243; _builder_version=&#8221;4.16&#8243; global_colors_info=&#8221;{}&#8221;][et_pb_text _builder_version=&#8221;4.16&#8243; link_font=&#8221;||||on||||&#8221; link_text_color=&#8221;#00a1b1&#8243; global_colors_info=&#8221;{}&#8221;]<\/p>\n<h1>FAQ<\/h1>\n<p><\/p>\n<p>Z\u00f6gern Sie nicht, <a href=\"https:\/\/cleverclub.ch\/de\/kontakt\/\">mit Sucht Schweiz Kontakt aufzunehmen<\/a>, wenn Sie sich weitere Fragen stellen!<\/p>\n<p>[\/et_pb_text][et_pb_accordion open_toggle_text_color=&#8221;#eb6e1f&#8221; icon_color=&#8221;#00a1b1&#8243; _builder_version=&#8221;4.16&#8243; toggle_text_color=&#8221;#00a1b1&#8243; toggle_level=&#8221;h2&#8243; toggle_font=&#8221;Nunito|600|||||||&#8221; toggle_font_size=&#8221;18px&#8221; toggle_line_height=&#8221;1.2em&#8221; custom_margin=&#8221;||||false|false&#8221; custom_padding=&#8221;||||false|false&#8221; border_radii=&#8221;on|5px|5px|5px|5px&#8221; global_colors_info=&#8221;{}&#8221;][et_pb_accordion_item title=&#8221;Ich habe alle Materialien zur Hand. Und jetzt?&#8221; open=&#8221;on&#8221; _builder_version=&#8221;4.16&#8243; custom_margin=&#8221;10px||10px||true|false&#8221; global_colors_info=&#8221;{}&#8221;]<\/p>\n<h1>FAQ<\/h1>\n<p><\/p>\n<p>Z\u00f6gern Sie nicht, <a href=\"https:\/\/cleverclub.ch\/de\/kontakt\/\">mit Sucht Schweiz Kontakt aufzunehmen<\/a>, wenn Sie sich weitere Fragen stellen!<\/p>\n<p>[\/et_pb_accordion_item][et_pb_accordion_item title=&#8221;Wen muss ich informieren, wenn ich den Clever Club einsetze?&#8221; _builder_version=&#8221;4.16&#8243; custom_margin=&#8221;10px||10px||true|false&#8221; global_colors_info=&#8221;{}&#8221; open=&#8221;off&#8221;]<\/p>\n<h1>FAQ<\/h1>\n<p><\/p>\n<p>Z\u00f6gern Sie nicht, <a href=\"https:\/\/cleverclub.ch\/de\/kontakt\/\">mit Sucht Schweiz Kontakt aufzunehmen<\/a>, wenn Sie sich weitere Fragen stellen!<\/p>\n<p>[\/et_pb_accordion_item][et_pb_accordion_item title=&#8221;Welches ist der ideale Ort f\u00fcr den Clever Club?&#8221; _builder_version=&#8221;4.16&#8243; custom_margin=&#8221;10px||10px||true|false&#8221; global_colors_info=&#8221;{}&#8221; open=&#8221;off&#8221;]<\/p>\n<h1>FAQ<\/h1>\n<p><\/p>\n<p>Z\u00f6gern Sie nicht, <a href=\"https:\/\/cleverclub.ch\/de\/kontakt\/\">mit Sucht Schweiz Kontakt aufzunehmen<\/a>, wenn Sie sich weitere Fragen stellen!<\/p>\n<p>[\/et_pb_accordion_item][et_pb_accordion_item title=&#8221;Wann im Tagesablauf ist der ideale Zeitpunkt f\u00fcr den Clever Club?&#8221; _builder_version=&#8221;4.16&#8243; custom_margin=&#8221;10px||10px||true|false&#8221; global_colors_info=&#8221;{}&#8221; open=&#8221;off&#8221;]<\/p>\n<h1>FAQ<\/h1>\n<p><\/p>\n<p>Z\u00f6gern Sie nicht, <a href=\"https:\/\/cleverclub.ch\/de\/kontakt\/\">mit Sucht Schweiz Kontakt aufzunehmen<\/a>, wenn Sie sich weitere Fragen stellen!<\/p>\n<p>[\/et_pb_accordion_item][et_pb_accordion_item title=&#8221;Welches ist die ideale Anzahl Teilnehmende?&#8221; _builder_version=&#8221;4.16&#8243; custom_margin=&#8221;10px||10px||true|false&#8221; global_colors_info=&#8221;{}&#8221; open=&#8221;off&#8221;]<\/p>\n<h1>FAQ<\/h1>\n<p><\/p>\n<p>Z\u00f6gern Sie nicht, <a href=\"https:\/\/cleverclub.ch\/de\/kontakt\/\">mit Sucht Schweiz Kontakt aufzunehmen<\/a>, wenn Sie sich weitere Fragen stellen!<\/p>\n<p>[\/et_pb_accordion_item][et_pb_accordion_item title=&#8221;Soll der Clever Club obligatorisch sein?&#8221; _builder_version=&#8221;4.16&#8243; custom_margin=&#8221;10px||10px||true|false&#8221; global_colors_info=&#8221;{}&#8221; open=&#8221;off&#8221;]<\/p>\n<h1>FAQ<\/h1>\n<p><\/p>\n<p>Z\u00f6gern Sie nicht, <a href=\"https:\/\/cleverclub.ch\/de\/kontakt\/\">mit Sucht Schweiz Kontakt aufzunehmen<\/a>, wenn Sie sich weitere Fragen stellen!<\/p>\n<p>[\/et_pb_accordion_item][et_pb_accordion_item title=&#8221;Wie kann man die Kinder in die Vorbereitungen zum Clever Club einbeziehen?&#8221; _builder_version=&#8221;4.16&#8243; custom_margin=&#8221;10px||10px||true|false&#8221; global_colors_info=&#8221;{}&#8221; open=&#8221;off&#8221;]<\/p>\n<h1>FAQ<\/h1>\n<p><\/p>\n<p>Z\u00f6gern Sie nicht, <a href=\"https:\/\/cleverclub.ch\/de\/kontakt\/\">mit Sucht Schweiz Kontakt aufzunehmen<\/a>, wenn Sie sich weitere Fragen stellen!<\/p>\n<p>[\/et_pb_accordion_item][et_pb_accordion_item title=&#8221;Wie kann man den Clever Club bestm\u00f6glich den Bed\u00fcrfnissen der Gruppe anpassen?&#8221; _builder_version=&#8221;4.16&#8243; custom_margin=&#8221;10px||10px||true|false&#8221; global_colors_info=&#8221;{}&#8221; open=&#8221;off&#8221;]<\/p>\n<h1>FAQ<\/h1>\n<p><\/p>\n<p>Z\u00f6gern Sie nicht, <a href=\"https:\/\/cleverclub.ch\/de\/kontakt\/\">mit Sucht Schweiz Kontakt aufzunehmen<\/a>, wenn Sie sich weitere Fragen stellen!<\/p>\n<p>[\/et_pb_accordion_item][et_pb_accordion_item title=&#8221;Wie reagieren bei disziplinarischen Problemen?&#8221; _builder_version=&#8221;4.16&#8243; custom_margin=&#8221;10px||10px||true|false&#8221; global_colors_info=&#8221;{}&#8221; open=&#8221;off&#8221;]<\/p>\n<h1>FAQ<\/h1>\n<p><\/p>\n<p>Z\u00f6gern Sie nicht, <a href=\"https:\/\/cleverclub.ch\/de\/kontakt\/\">mit Sucht Schweiz Kontakt aufzunehmen<\/a>, wenn Sie sich weitere Fragen stellen!<\/p>\n<p>[\/et_pb_accordion_item][\/et_pb_accordion][\/et_pb_column][et_pb_column type=&#8221;1_4&#8243; _builder_version=&#8221;4.16&#8243; global_colors_info=&#8221;{}&#8221;][\/et_pb_column][\/et_pb_row][\/et_pb_section][et_pb_section fb_built=&#8221;1&#8243; _builder_version=&#8221;4.16&#8243; background_image=&#8221;https:\/\/cleverclub.ch\/wp-content\/uploads\/2020\/06\/faq-550.png&#8221; background_size=&#8221;initial&#8221; background_position=&#8221;bottom_right&#8221; min_height=&#8221;450px&#8221; custom_margin=&#8221;-360px||||false|false&#8221; custom_margin_tablet=&#8221;-230px||||false|false&#8221; custom_margin_phone=&#8221;-360px||||false|false&#8221; custom_margin_last_edited=&#8221;on|tablet&#8221; background_last_edited=&#8221;on|phone&#8221; background_image_tablet=&#8221;https:\/\/cleverclub.ch\/wp-content\/uploads\/2020\/06\/faq-550.png&#8221; background_image_phone=&#8221;https:\/\/cleverclub.ch\/wp-content\/uploads\/2020\/06\/faq-550.png&#8221; background_enable_image_tablet=&#8221;on&#8221; background_enable_image_phone=&#8221;on&#8221; background_size_tablet=&#8221;contain&#8221; global_colors_info=&#8221;{}&#8221; title_text_tablet=&#8221;faq-550&#8243; title_text_phone=&#8221;faq-550&#8243;][\/et_pb_section]<\/p>\n","protected":false},"excerpt":{"rendered":"<p>FAQZ\u00f6gern Sie nicht, mit Sucht Schweiz Kontakt aufzunehmen, wenn Sie sich weitere Fragen stellen!FAQZ\u00f6gern Sie nicht, mit Sucht Schweiz Kontakt aufzunehmen, wenn Sie sich weitere Fragen stellen!FAQZ\u00f6gern Sie nicht, mit Sucht Schweiz Kontakt aufzunehmen, wenn Sie sich weitere Fragen stellen!FAQZ\u00f6gern Sie nicht, mit Sucht Schweiz Kontakt aufzunehmen, wenn Sie sich weitere Fragen stellen!FAQZ\u00f6gern Sie nicht, [&hellip;]<\/p>\n","protected":false},"author":1,"featured_media":0,"parent":0,"menu_order":0,"comment_status":"closed","ping_status":"closed","template":"","meta":{"_et_pb_use_builder":"on","_et_pb_old_content":"","_et_gb_content_width":"","inline_featured_image":false,"footnotes":""},"class_list":["post-753","page","type-page","status-publish","hentry"],"yoast_head":"<!-- This site is optimized with the Yoast SEO plugin v27.2 - https:\/\/yoast.com\/product\/yoast-seo-wordpress\/ -->\n<title>FAQ - Clever Club<\/title>\n<meta name=\"description\" content=\"H\u00e4ufig gestellte Fragen. Z\u00f6gern Sie nicht, mit Sucht Schweiz Kontakt aufzunehmen, wenn Sie sich weitere Fragen stellen!\" \/>\n<meta name=\"robots\" content=\"index, follow, max-snippet:-1, max-image-preview:large, max-video-preview:-1\" \/>\n<link rel=\"canonical\" href=\"https:\/\/cleverclub.ch\/de\/faq\/\" \/>\n<meta property=\"og:locale\" content=\"de_DE\" \/>\n<meta property=\"og:type\" content=\"article\" \/>\n<meta property=\"og:title\" content=\"FAQ - Clever Club\" \/>\n<meta property=\"og:description\" content=\"H\u00e4ufig gestellte Fragen. Z\u00f6gern Sie nicht, mit Sucht Schweiz Kontakt aufzunehmen, wenn Sie sich weitere Fragen stellen!\" \/>\n<meta property=\"og:url\" content=\"https:\/\/cleverclub.ch\/de\/faq\/\" \/>\n<meta property=\"og:site_name\" content=\"Clever Club\" \/>\n<meta property=\"article:publisher\" content=\"https:\/\/www.facebook.com\/AddictionSuisse\" \/>\n<meta property=\"article:modified_time\" content=\"2025-05-15T12:15:16+00:00\" \/>\n<meta name=\"twitter:card\" content=\"summary_large_image\" \/>\n<meta name=\"twitter:site\" content=\"@AddictionSuisse\" \/>\n<meta name=\"twitter:label1\" content=\"Gesch\u00e4tzte Lesezeit\" \/>\n\t<meta name=\"twitter:data1\" content=\"3\u00a0Minuten\" \/>\n<script type=\"application\/ld+json\" class=\"yoast-schema-graph\">{\"@context\":\"https:\/\/schema.org\",\"@graph\":[{\"@type\":\"WebPage\",\"@id\":\"https:\/\/cleverclub.ch\/de\/faq\/\",\"url\":\"https:\/\/cleverclub.ch\/de\/faq\/\",\"name\":\"FAQ - Clever Club\",\"isPartOf\":{\"@id\":\"https:\/\/cleverclub.ch\/de\/#website\"},\"datePublished\":\"2020-07-13T08:08:38+00:00\",\"dateModified\":\"2025-05-15T12:15:16+00:00\",\"description\":\"H\u00e4ufig gestellte Fragen. Z\u00f6gern Sie nicht, mit Sucht Schweiz Kontakt aufzunehmen, wenn Sie sich weitere Fragen stellen!\",\"breadcrumb\":{\"@id\":\"https:\/\/cleverclub.ch\/de\/faq\/#breadcrumb\"},\"inLanguage\":\"de\",\"potentialAction\":[{\"@type\":\"ReadAction\",\"target\":[\"https:\/\/cleverclub.ch\/de\/faq\/\"]}]},{\"@type\":\"BreadcrumbList\",\"@id\":\"https:\/\/cleverclub.ch\/de\/faq\/#breadcrumb\",\"itemListElement\":[{\"@type\":\"ListItem\",\"position\":1,\"name\":\"Home\",\"item\":\"https:\/\/cleverclub.ch\/de\/\"},{\"@type\":\"ListItem\",\"position\":2,\"name\":\"FAQ\"}]},{\"@type\":\"WebSite\",\"@id\":\"https:\/\/cleverclub.ch\/de\/#website\",\"url\":\"https:\/\/cleverclub.ch\/de\/\",\"name\":\"Clever Club\",\"description\":\"Lebenskompetenzen von 7- bis 12-J\u00e4hrigen f\u00f6rdern\",\"publisher\":{\"@id\":\"https:\/\/cleverclub.ch\/de\/#organization\"},\"potentialAction\":[{\"@type\":\"SearchAction\",\"target\":{\"@type\":\"EntryPoint\",\"urlTemplate\":\"https:\/\/cleverclub.ch\/de\/?s={search_term_string}\"},\"query-input\":{\"@type\":\"PropertyValueSpecification\",\"valueRequired\":true,\"valueName\":\"search_term_string\"}}],\"inLanguage\":\"de\"},{\"@type\":\"Organization\",\"@id\":\"https:\/\/cleverclub.ch\/de\/#organization\",\"name\":\"Clever Club\",\"url\":\"https:\/\/cleverclub.ch\/de\/\",\"logo\":{\"@type\":\"ImageObject\",\"inLanguage\":\"de\",\"@id\":\"https:\/\/cleverclub.ch\/de\/#\/schema\/logo\/image\/\",\"url\":\"https:\/\/cleverclub.ch\/wp-content\/uploads\/2024\/06\/cleverclub.png\",\"contentUrl\":\"https:\/\/cleverclub.ch\/wp-content\/uploads\/2024\/06\/cleverclub.png\",\"width\":379,\"height\":187,\"caption\":\"Clever Club\"},\"image\":{\"@id\":\"https:\/\/cleverclub.ch\/de\/#\/schema\/logo\/image\/\"},\"sameAs\":[\"https:\/\/www.facebook.com\/AddictionSuisse\",\"https:\/\/x.com\/AddictionSuisse\",\"https:\/\/www.linkedin.com\/company\/addiction-suisse\/\",\"https:\/\/www.instagram.com\/addictionsuisse\/\",\"https:\/\/www.youtube.com\/@Addiction_Suisse\"]}]}<\/script>\n<!-- \/ Yoast SEO plugin. -->","yoast_head_json":{"title":"FAQ - Clever Club","description":"H\u00e4ufig gestellte Fragen. Z\u00f6gern Sie nicht, mit Sucht Schweiz Kontakt aufzunehmen, wenn Sie sich weitere Fragen stellen!","robots":{"index":"index","follow":"follow","max-snippet":"max-snippet:-1","max-image-preview":"max-image-preview:large","max-video-preview":"max-video-preview:-1"},"canonical":"https:\/\/cleverclub.ch\/de\/faq\/","og_locale":"de_DE","og_type":"article","og_title":"FAQ - Clever Club","og_description":"H\u00e4ufig gestellte Fragen. Z\u00f6gern Sie nicht, mit Sucht Schweiz Kontakt aufzunehmen, wenn Sie sich weitere Fragen stellen!","og_url":"https:\/\/cleverclub.ch\/de\/faq\/","og_site_name":"Clever Club","article_publisher":"https:\/\/www.facebook.com\/AddictionSuisse","article_modified_time":"2025-05-15T12:15:16+00:00","twitter_card":"summary_large_image","twitter_site":"@AddictionSuisse","twitter_misc":{"Gesch\u00e4tzte Lesezeit":"3\u00a0Minuten"},"schema":{"@context":"https:\/\/schema.org","@graph":[{"@type":"WebPage","@id":"https:\/\/cleverclub.ch\/de\/faq\/","url":"https:\/\/cleverclub.ch\/de\/faq\/","name":"FAQ - Clever Club","isPartOf":{"@id":"https:\/\/cleverclub.ch\/de\/#website"},"datePublished":"2020-07-13T08:08:38+00:00","dateModified":"2025-05-15T12:15:16+00:00","description":"H\u00e4ufig gestellte Fragen. Z\u00f6gern Sie nicht, mit Sucht Schweiz Kontakt aufzunehmen, wenn Sie sich weitere Fragen stellen!","breadcrumb":{"@id":"https:\/\/cleverclub.ch\/de\/faq\/#breadcrumb"},"inLanguage":"de","potentialAction":[{"@type":"ReadAction","target":["https:\/\/cleverclub.ch\/de\/faq\/"]}]},{"@type":"BreadcrumbList","@id":"https:\/\/cleverclub.ch\/de\/faq\/#breadcrumb","itemListElement":[{"@type":"ListItem","position":1,"name":"Home","item":"https:\/\/cleverclub.ch\/de\/"},{"@type":"ListItem","position":2,"name":"FAQ"}]},{"@type":"WebSite","@id":"https:\/\/cleverclub.ch\/de\/#website","url":"https:\/\/cleverclub.ch\/de\/","name":"Clever Club","description":"Lebenskompetenzen von 7- bis 12-J\u00e4hrigen f\u00f6rdern","publisher":{"@id":"https:\/\/cleverclub.ch\/de\/#organization"},"potentialAction":[{"@type":"SearchAction","target":{"@type":"EntryPoint","urlTemplate":"https:\/\/cleverclub.ch\/de\/?s={search_term_string}"},"query-input":{"@type":"PropertyValueSpecification","valueRequired":true,"valueName":"search_term_string"}}],"inLanguage":"de"},{"@type":"Organization","@id":"https:\/\/cleverclub.ch\/de\/#organization","name":"Clever Club","url":"https:\/\/cleverclub.ch\/de\/","logo":{"@type":"ImageObject","inLanguage":"de","@id":"https:\/\/cleverclub.ch\/de\/#\/schema\/logo\/image\/","url":"https:\/\/cleverclub.ch\/wp-content\/uploads\/2024\/06\/cleverclub.png","contentUrl":"https:\/\/cleverclub.ch\/wp-content\/uploads\/2024\/06\/cleverclub.png","width":379,"height":187,"caption":"Clever Club"},"image":{"@id":"https:\/\/cleverclub.ch\/de\/#\/schema\/logo\/image\/"},"sameAs":["https:\/\/www.facebook.com\/AddictionSuisse","https:\/\/x.com\/AddictionSuisse","https:\/\/www.linkedin.com\/company\/addiction-suisse\/","https:\/\/www.instagram.com\/addictionsuisse\/","https:\/\/www.youtube.com\/@Addiction_Suisse"]}]}},"_links":{"self":[{"href":"https:\/\/cleverclub.ch\/de\/wp-json\/wp\/v2\/pages\/753","targetHints":{"allow":["GET"]}}],"collection":[{"href":"https:\/\/cleverclub.ch\/de\/wp-json\/wp\/v2\/pages"}],"about":[{"href":"https:\/\/cleverclub.ch\/de\/wp-json\/wp\/v2\/types\/page"}],"author":[{"embeddable":true,"href":"https:\/\/cleverclub.ch\/de\/wp-json\/wp\/v2\/users\/1"}],"replies":[{"embeddable":true,"href":"https:\/\/cleverclub.ch\/de\/wp-json\/wp\/v2\/comments?post=753"}],"version-history":[{"count":8,"href":"https:\/\/cleverclub.ch\/de\/wp-json\/wp\/v2\/pages\/753\/revisions"}],"predecessor-version":[{"id":1543,"href":"https:\/\/cleverclub.ch\/de\/wp-json\/wp\/v2\/pages\/753\/revisions\/1543"}],"wp:attachment":[{"href":"https:\/\/cleverclub.ch\/de\/wp-json\/wp\/v2\/media?parent=753"}],"curies":[{"name":"wp","href":"https:\/\/api.w.org\/{rel}","templated":true}]}}